{"id":8,"date":"2024-04-04T09:35:32","date_gmt":"2024-04-04T09:35:32","guid":{"rendered":"https:\/\/interiores.escuelaartegranada.com\/anarodriguez\/?page_id=8"},"modified":"2024-11-06T15:42:46","modified_gmt":"2024-11-06T15:42:46","slug":"prueba","status":"publish","type":"page","link":"https:\/\/interiores.escuelaartegranada.com\/anarodriguez\/","title":{"rendered":"Home"},"content":{"rendered":"<p>[et_pb_section fb_built=\u00bb1&#8243; _builder_version=\u00bb4.25.0&#8243; _module_preset=\u00bbdefault\u00bb global_colors_info=\u00bb{}\u00bb][et_pb_row column_structure=\u00bb2_5,3_5&#8243; _builder_version=\u00bb4.25.0&#8243; _module_preset=\u00bbdefault\u00bb global_colors_info=\u00bb{}\u00bb][et_pb_column type=\u00bb2_5&#8243; _builder_version=\u00bb4.25.0&#8243; _module_preset=\u00bbdefault\u00bb global_colors_info=\u00bb{}\u00bb][et_pb_image src=\u00bbhttps:\/\/interiores.escuelaartegranada.com\/anarodriguez\/wp-content\/uploads\/sites\/73\/2024\/11\/picofme-7.png\u00bb title_text=\u00bbpicofme (7)\u00bb _builder_version=\u00bb4.25.0&#8243; _module_preset=\u00bbdefault\u00bb background_color=\u00bbRGBA(255,255,255,0)\u00bb width=\u00bb73%\u00bb module_alignment=\u00bbcenter\u00bb global_colors_info=\u00bb{}\u00bb][\/et_pb_image][\/et_pb_column][et_pb_column type=\u00bb3_5&#8243; _builder_version=\u00bb4.25.0&#8243; _module_preset=\u00bbdefault\u00bb global_colors_info=\u00bb{}\u00bb][et_pb_text _builder_version=\u00bb4.25.0&#8243; _module_preset=\u00bbdefault\u00bb module_alignment=\u00bbcenter\u00bb custom_margin=\u00bb38px||||false|false\u00bb global_colors_info=\u00bb{}\u00bb]<\/p>\n<p>Mi nombre es Ana Rodr\u00edguez y soy T\u00e9cnico Superior en Arquitectura y Dise\u00f1o de Interiores.<\/p>\n<p>Adoro mi profesi\u00f3n, por lo que me vuelco completamente en cada proyecto. Trabajo con entusiasmo para conseguir espacios que reflejen de forma \u00fanica tu personalidad o marca, creando sensaciones y experiencias \u00fanicas.<\/p>\n<p>Aqu\u00ed podr\u00e1s ver una peque\u00f1a parte de mi mundo, en el que disfruto experimentando, jugando con texturas y combinando muebles actuales con piezas \u00fanicas que cuentan su propia historia. Si\u00e9ntete libre de explorar y conocerme un poquito m\u00e1s, seguro que podemos hacer algo muy especial juntos.<\/p>\n<p>[\/et_pb_text][\/et_pb_column][\/et_pb_row][\/et_pb_section][et_pb_section fb_built=\u00bb1&#8243; _builder_version=\u00bb4.24.3&#8243; _module_preset=\u00bbdefault\u00bb global_colors_info=\u00bb{}\u00bb][et_pb_row _builder_version=\u00bb4.24.3&#8243; _module_preset=\u00bbdefault\u00bb global_colors_info=\u00bb{}\u00bb][et_pb_column type=\u00bb4_4&#8243; _builder_version=\u00bb4.24.3&#8243; _module_preset=\u00bbdefault\u00bb global_colors_info=\u00bb{}\u00bb][et_pb_text _builder_version=\u00bb4.24.3&#8243; _module_preset=\u00bbdefault\u00bb text_font=\u00bb|600|||||||\u00bb text_text_color=\u00bb#d1d1d1&#8243; text_font_size=\u00bb32px\u00bb background_layout=\u00bbdark\u00bb global_colors_info=\u00bb{}\u00bb]<\/p>\n<p style=\"text-align: center\">SERVICIOS<\/p>\n<p>[\/et_pb_text][\/et_pb_column][\/et_pb_row][et_pb_row column_structure=\u00bb1_3,1_3,1_3&#8243; _builder_version=\u00bb4.24.3&#8243; _module_preset=\u00bbdefault\u00bb max_width=\u00bb1000px\u00bb global_colors_info=\u00bb{}\u00bb][et_pb_column type=\u00bb1_3&#8243; _builder_version=\u00bb4.24.3&#8243; _module_preset=\u00bbdefault\u00bb global_colors_info=\u00bb{}\u00bb][et_pb_text _builder_version=\u00bb4.24.3&#8243; _module_preset=\u00bbdefault\u00bb text_font=\u00bb|700|||||||\u00bb text_font_size=\u00bb20px\u00bb text_letter_spacing=\u00bb2px\u00bb global_colors_info=\u00bb{}\u00bb]<\/p>\n<p style=\"text-align: center\">Decoraci\u00f3n<\/p>\n<p>[\/et_pb_text][et_pb_text _builder_version=\u00bb4.24.3&#8243; _module_preset=\u00bbdefault\u00bb global_colors_info=\u00bb{}\u00bb]<\/p>\n<p class=\"bodytext\" style=\"text-align: justify\">Servicios de asesor\u00eda en decoraci\u00f3n. Desde la elecci\u00f3n de colores y materiales hasta la distribuci\u00f3n de muebles y la iluminaci\u00f3n, mi objetivo es ayudarte a lograr un ambiente armonioso y funcional.<\/p>\n<p>[\/et_pb_text][\/et_pb_column][et_pb_column type=\u00bb1_3&#8243; _builder_version=\u00bb4.24.3&#8243; _module_preset=\u00bbdefault\u00bb global_colors_info=\u00bb{}\u00bb][et_pb_text _builder_version=\u00bb4.24.3&#8243; _module_preset=\u00bbdefault\u00bb text_font=\u00bb|700|||||||\u00bb text_font_size=\u00bb20px\u00bb text_letter_spacing=\u00bb2px\u00bb locked=\u00bboff\u00bb global_colors_info=\u00bb{}\u00bb]<\/p>\n<p style=\"text-align: center\">Interiorismo<\/p>\n<p>[\/et_pb_text][et_pb_text _builder_version=\u00bb4.24.3&#8243; _module_preset=\u00bbdefault\u00bb global_colors_info=\u00bb{}\u00bb]<\/p>\n<p style=\"text-align: justify\"><span>Dise\u00f1o proyectos tanto en el \u00e1mbito particular como en el p\u00fablico utilizando las herramientas adecuadas para planificar las acciones a tomar.<\/span><\/p>\n<p style=\"text-align: justify\"><span>Mis proyectos destacan por su exclusividad y sentido com\u00fan, dedicando una especial atenci\u00f3n a los acabados y a los detalles dando un plus de distinci\u00f3n.<\/span><\/p>\n<p>[\/et_pb_text][\/et_pb_column][et_pb_column type=\u00bb1_3&#8243; _builder_version=\u00bb4.24.3&#8243; _module_preset=\u00bbdefault\u00bb global_colors_info=\u00bb{}\u00bb][et_pb_text _builder_version=\u00bb4.24.3&#8243; _module_preset=\u00bbdefault\u00bb text_font=\u00bb|700|||||||\u00bb text_font_size=\u00bb20px\u00bb text_letter_spacing=\u00bb1px\u00bb locked=\u00bboff\u00bb global_colors_info=\u00bb{}\u00bb]<\/p>\n<p style=\"text-align: center\">Home Staging<\/p>\n<p>[\/et_pb_text][et_pb_text _builder_version=\u00bb4.24.3&#8243; _module_preset=\u00bbdefault\u00bb global_colors_info=\u00bb{}\u00bb]<\/p>\n<p style=\"text-align: justify\"><span>Lo podemos definir como una t\u00e9cnica de marketing cuyo objetivo es realzar una vivienda y darle un aspecto m\u00e1s atractivo y funcional para su alquiler o venta.\u00a0<\/span><\/p>\n<p style=\"text-align: justify\"><span>Es fundamental poder generar un impacto positivo logrando atraer la atenci\u00f3n del cliente, y conectar emocionalmente con \u00e9l.<\/span><\/p>\n<p>[\/et_pb_text][\/et_pb_column][\/et_pb_row][\/et_pb_section][et_pb_section fb_built=\u00bb1&#8243; theme_builder_area=\u00bbpost_content\u00bb _builder_version=\u00bb4.25.0&#8243; _module_preset=\u00bbdefault\u00bb][et_pb_row _builder_version=\u00bb4.25.0&#8243; _module_preset=\u00bbdefault\u00bb theme_builder_area=\u00bbpost_content\u00bb][et_pb_column _builder_version=\u00bb4.25.0&#8243; _module_preset=\u00bbdefault\u00bb type=\u00bb4_4&#8243; theme_builder_area=\u00bbpost_content\u00bb][et_pb_gallery _builder_version=\u00bb4.25.0&#8243; _module_preset=\u00bbdefault\u00bb theme_builder_area=\u00bbpost_content\u00bb fullwidth=\u00bbon\u00bb gallery_ids=\u00bb183,185,186,187,188,189,190,191,192,179,180,178&#8243; gallery_orderby=\u00bbrand\u00bb hover_enabled=\u00bb0&#8243; sticky_enabled=\u00bb0&#8243;][\/et_pb_gallery][\/et_pb_column][\/et_pb_row][\/et_pb_section]<\/p>\n","protected":false},"excerpt":{"rendered":"<p>Mi nombre es Ana Rodr\u00edguez y soy T\u00e9cnico Superior en Arquitectura y Dise\u00f1o de Interiores. Adoro mi profesi\u00f3n, por lo que me vuelco completamente en cada proyecto. Trabajo con entusiasmo para conseguir espacios que reflejen de forma \u00fanica tu personalidad o marca, creando sensaciones y experiencias \u00fanicas. Aqu\u00ed podr\u00e1s ver una peque\u00f1a parte de mi [&hellip;]<\/p>\n","protected":false},"author":72,"featured_media":0,"parent":0,"menu_order":0,"comment_status":"closed","ping_status":"closed","template":"","meta":{"_et_pb_use_builder":"on","_et_pb_old_content":"","_et_gb_content_width":"","footnotes":""},"class_list":["post-8","page","type-page","status-publish","hentry"],"yoast_head":"<!-- This site is optimized with the Yoast SEO plugin v24.5 - https:\/\/yoast.com\/wordpress\/plugins\/seo\/ -->\n<title>Home - Portfolio Ana Rodriguez<\/title>\n<meta name=\"robots\" content=\"index, follow, max-snippet:-1, max-image-preview:large, max-video-preview:-1\" \/>\n<link rel=\"canonical\" href=\"https:\/\/interiores.escuelaartegranada.com\/anarodriguez\/\" \/>\n<meta property=\"og:locale\" content=\"es_ES\" \/>\n<meta property=\"og:type\" content=\"article\" \/>\n<meta property=\"og:title\" content=\"Home - Portfolio Ana Rodriguez\" \/>\n<meta property=\"og:description\" content=\"Mi nombre es Ana Rodr\u00edguez y soy T\u00e9cnico Superior en Arquitectura y Dise\u00f1o de Interiores. Adoro mi profesi\u00f3n, por lo que me vuelco completamente en cada proyecto. Trabajo con entusiasmo para conseguir espacios que reflejen de forma \u00fanica tu personalidad o marca, creando sensaciones y experiencias \u00fanicas. Aqu\u00ed podr\u00e1s ver una peque\u00f1a parte de mi [&hellip;]\" \/>\n<meta property=\"og:url\" content=\"https:\/\/interiores.escuelaartegranada.com\/anarodriguez\/\" \/>\n<meta property=\"og:site_name\" content=\"Portfolio Ana Rodriguez\" \/>\n<meta property=\"article:modified_time\" content=\"2024-11-06T15:42:46+00:00\" \/>\n<meta name=\"twitter:card\" content=\"summary_large_image\" \/>\n<meta name=\"twitter:label1\" content=\"Tiempo de lectura\" \/>\n\t<meta name=\"twitter:data1\" content=\"2 minutos\" \/>\n<script type=\"application\/ld+json\" class=\"yoast-schema-graph\">{\"@context\":\"https:\/\/schema.org\",\"@graph\":[{\"@type\":\"WebPage\",\"@id\":\"https:\/\/interiores.escuelaartegranada.com\/anarodriguez\/\",\"url\":\"https:\/\/interiores.escuelaartegranada.com\/anarodriguez\/\",\"name\":\"Home - Portfolio Ana Rodriguez\",\"isPartOf\":{\"@id\":\"https:\/\/interiores.escuelaartegranada.com\/anarodriguez\/#website\"},\"datePublished\":\"2024-04-04T09:35:32+00:00\",\"dateModified\":\"2024-11-06T15:42:46+00:00\",\"breadcrumb\":{\"@id\":\"https:\/\/interiores.escuelaartegranada.com\/anarodriguez\/#breadcrumb\"},\"inLanguage\":\"es\",\"potentialAction\":[{\"@type\":\"ReadAction\",\"target\":[\"https:\/\/interiores.escuelaartegranada.com\/anarodriguez\/\"]}]},{\"@type\":\"BreadcrumbList\",\"@id\":\"https:\/\/interiores.escuelaartegranada.com\/anarodriguez\/#breadcrumb\",\"itemListElement\":[{\"@type\":\"ListItem\",\"position\":1,\"name\":\"Portada\",\"item\":\"https:\/\/interiores.escuelaartegranada.com\/anarodriguez\/\"},{\"@type\":\"ListItem\",\"position\":2,\"name\":\"Home\"}]},{\"@type\":\"WebSite\",\"@id\":\"https:\/\/interiores.escuelaartegranada.com\/anarodriguez\/#website\",\"url\":\"https:\/\/interiores.escuelaartegranada.com\/anarodriguez\/\",\"name\":\"Portfolio Ana Rodriguez\",\"description\":\"\",\"potentialAction\":[{\"@type\":\"SearchAction\",\"target\":{\"@type\":\"EntryPoint\",\"urlTemplate\":\"https:\/\/interiores.escuelaartegranada.com\/anarodriguez\/?s={search_term_string}\"},\"query-input\":{\"@type\":\"PropertyValueSpecification\",\"valueRequired\":true,\"valueName\":\"search_term_string\"}}],\"inLanguage\":\"es\"}]}<\/script>\n<!-- \/ Yoast SEO plugin. -->","yoast_head_json":{"title":"Home - Portfolio Ana Rodriguez","robots":{"index":"index","follow":"follow","max-snippet":"max-snippet:-1","max-image-preview":"max-image-preview:large","max-video-preview":"max-video-preview:-1"},"canonical":"https:\/\/interiores.escuelaartegranada.com\/anarodriguez\/","og_locale":"es_ES","og_type":"article","og_title":"Home - Portfolio Ana Rodriguez","og_description":"Mi nombre es Ana Rodr\u00edguez y soy T\u00e9cnico Superior en Arquitectura y Dise\u00f1o de Interiores. Adoro mi profesi\u00f3n, por lo que me vuelco completamente en cada proyecto. Trabajo con entusiasmo para conseguir espacios que reflejen de forma \u00fanica tu personalidad o marca, creando sensaciones y experiencias \u00fanicas. Aqu\u00ed podr\u00e1s ver una peque\u00f1a parte de mi [&hellip;]","og_url":"https:\/\/interiores.escuelaartegranada.com\/anarodriguez\/","og_site_name":"Portfolio Ana Rodriguez","article_modified_time":"2024-11-06T15:42:46+00:00","twitter_card":"summary_large_image","twitter_misc":{"Tiempo de lectura":"2 minutos"},"schema":{"@context":"https:\/\/schema.org","@graph":[{"@type":"WebPage","@id":"https:\/\/interiores.escuelaartegranada.com\/anarodriguez\/","url":"https:\/\/interiores.escuelaartegranada.com\/anarodriguez\/","name":"Home - Portfolio Ana Rodriguez","isPartOf":{"@id":"https:\/\/interiores.escuelaartegranada.com\/anarodriguez\/#website"},"datePublished":"2024-04-04T09:35:32+00:00","dateModified":"2024-11-06T15:42:46+00:00","breadcrumb":{"@id":"https:\/\/interiores.escuelaartegranada.com\/anarodriguez\/#breadcrumb"},"inLanguage":"es","potentialAction":[{"@type":"ReadAction","target":["https:\/\/interiores.escuelaartegranada.com\/anarodriguez\/"]}]},{"@type":"BreadcrumbList","@id":"https:\/\/interiores.escuelaartegranada.com\/anarodriguez\/#breadcrumb","itemListElement":[{"@type":"ListItem","position":1,"name":"Portada","item":"https:\/\/interiores.escuelaartegranada.com\/anarodriguez\/"},{"@type":"ListItem","position":2,"name":"Home"}]},{"@type":"WebSite","@id":"https:\/\/interiores.escuelaartegranada.com\/anarodriguez\/#website","url":"https:\/\/interiores.escuelaartegranada.com\/anarodriguez\/","name":"Portfolio Ana Rodriguez","description":"","potentialAction":[{"@type":"SearchAction","target":{"@type":"EntryPoint","urlTemplate":"https:\/\/interiores.escuelaartegranada.com\/anarodriguez\/?s={search_term_string}"},"query-input":{"@type":"PropertyValueSpecification","valueRequired":true,"valueName":"search_term_string"}}],"inLanguage":"es"}]}},"_links":{"self":[{"href":"https:\/\/interiores.escuelaartegranada.com\/anarodriguez\/wp-json\/wp\/v2\/pages\/8","targetHints":{"allow":["GET"]}}],"collection":[{"href":"https:\/\/interiores.escuelaartegranada.com\/anarodriguez\/wp-json\/wp\/v2\/pages"}],"about":[{"href":"https:\/\/interiores.escuelaartegranada.com\/anarodriguez\/wp-json\/wp\/v2\/types\/page"}],"author":[{"embeddable":true,"href":"https:\/\/interiores.escuelaartegranada.com\/anarodriguez\/wp-json\/wp\/v2\/users\/72"}],"replies":[{"embeddable":true,"href":"https:\/\/interiores.escuelaartegranada.com\/anarodriguez\/wp-json\/wp\/v2\/comments?post=8"}],"version-history":[{"count":25,"href":"https:\/\/interiores.escuelaartegranada.com\/anarodriguez\/wp-json\/wp\/v2\/pages\/8\/revisions"}],"predecessor-version":[{"id":203,"href":"https:\/\/interiores.escuelaartegranada.com\/anarodriguez\/wp-json\/wp\/v2\/pages\/8\/revisions\/203"}],"wp:attachment":[{"href":"https:\/\/interiores.escuelaartegranada.com\/anarodriguez\/wp-json\/wp\/v2\/media?parent=8"}],"curies":[{"name":"wp","href":"https:\/\/api.w.org\/{rel}","templated":true}]}}