{"id":115,"date":"2025-04-22T10:22:28","date_gmt":"2025-04-22T08:22:28","guid":{"rendered":"https:\/\/interiores.escuelaartegranada.com\/danielaguete\/?page_id=115"},"modified":"2025-07-04T23:11:08","modified_gmt":"2025-07-04T21:11:08","slug":"proyectos","status":"publish","type":"page","link":"https:\/\/interiores.escuelaartegranada.com\/danielaguete\/proyectos\/","title":{"rendered":"proyectos"},"content":{"rendered":"<p>[et_pb_section fb_built=\u00bb1&#8243; admin_label=\u00bbHeader\u00bb _builder_version=\u00bb4.18.0&#8243; _module_preset=\u00bbdefault\u00bb global_colors_info=\u00bb{}\u00bb][\/et_pb_section][et_pb_section fb_built=\u00bb1&#8243; admin_label=\u00bbService CTA\u00bb _builder_version=\u00bb4.18.0&#8243; _module_preset=\u00bbdefault\u00bb overflow-x=\u00bbhidden\u00bb overflow-y=\u00bbhidden\u00bb global_colors_info=\u00bb{}\u00bb][et_pb_row column_structure=\u00bb1_4,1_4,1_4,1_4&#8243; make_equal=\u00bbon\u00bb _builder_version=\u00bb4.27.4&#8243; _module_preset=\u00bbdefault\u00bb width=\u00bbauto\u00bb max_width=\u00bbnone\u00bb module_alignment=\u00bbcenter\u00bb global_colors_info=\u00bb{}\u00bb][et_pb_column type=\u00bb1_4&#8243; _builder_version=\u00bb4.17.6&#8243; _module_preset=\u00bbdefault\u00bb background_image=\u00bbhttps:\/\/interiores.escuelaartegranada.com\/danielaguete\/wp-content\/uploads\/sites\/76\/2025\/03\/interior-designer-01.jpg\u00bb global_colors_info=\u00bb{}\u00bb][et_pb_divider show_divider=\u00bboff\u00bb _builder_version=\u00bb4.17.6&#8243; _module_preset=\u00bbdefault\u00bb min_height=\u00bb60vh\u00bb global_colors_info=\u00bb{}\u00bb][\/et_pb_divider][\/et_pb_column][et_pb_column type=\u00bb1_4&#8243; _builder_version=\u00bb4.17.6&#8243; _module_preset=\u00bbdefault\u00bb z_index=\u00bb10&#8243; custom_padding_tablet=\u00bb5%|10%|5%|10%|true|true\u00bb custom_padding_phone=\u00bb5%|10%|5%|10%|true|true\u00bb custom_padding_last_edited=\u00bbon|phone\u00bb global_colors_info=\u00bb{}\u00bb][et_pb_text _builder_version=\u00bb4.18.0&#8243; _module_preset=\u00bb381dae94-24d7-4aff-b920-d622376eafad\u00bb header_5_font=\u00bbSacramento||||||||\u00bb header_5_text_color=\u00bb#000000&#8243; header_5_font_size=\u00bb80px\u00bb header_5_line_height=\u00bb1.2em\u00bb custom_margin=\u00bb|-30%|||false|false\u00bb custom_margin_tablet=\u00bb|0%|||false|false\u00bb custom_margin_phone=\u00bb|0%|||false|false\u00bb custom_margin_last_edited=\u00bbon|desktop\u00bb header_5_font_size_tablet=\u00bb40px\u00bb header_5_font_size_phone=\u00bb34px\u00bb header_5_font_size_last_edited=\u00bbon|phone\u00bb global_colors_info=\u00bb{}\u00bb]<\/p>\n<h5>Daniela Aguete<\/h5>\n<p>[\/et_pb_text][et_pb_text _builder_version=\u00bb4.18.0&#8243; _module_preset=\u00bbd72c0383-6487-4f2c-ac5c-7d48a6376757&#8243; header_font=\u00bbKrona One|||on|||||\u00bb header_text_color=\u00bb#000000&#8243; header_font_size=\u00bb96px\u00bb header_line_height=\u00bb1.2em\u00bb custom_margin=\u00bb|-30%|||false|false\u00bb custom_margin_tablet=\u00bb|0%|||false|false\u00bb custom_margin_phone=\u00bb|0%|||false|false\u00bb custom_margin_last_edited=\u00bbon|desktop\u00bb header_font_size_tablet=\u00bb50px\u00bb header_font_size_phone=\u00bb30px\u00bb header_font_size_last_edited=\u00bbon|phone\u00bb global_colors_info=\u00bb{}\u00bb]<\/p>\n<h1>proyectos<\/h1>\n<p>[\/et_pb_text][\/et_pb_column][et_pb_column type=\u00bb1_4&#8243; _builder_version=\u00bb4.17.6&#8243; _module_preset=\u00bbdefault\u00bb background_color=\u00bbgcid-e1bf1dd7-b74a-4938-a7b7-93ce77f0810f\u00bb global_colors_info=\u00bb{%22gcid-e1bf1dd7-b74a-4938-a7b7-93ce77f0810f%22:%91%22background_color%22%93}\u00bb][et_pb_image src=\u00bbhttps:\/\/interiores.escuelaartegranada.com\/danielaguete\/wp-content\/uploads\/sites\/76\/2025\/04\/interior-designer-02.jpg\u00bb title_text=\u00bbinterior-designer-02&#8243; _builder_version=\u00bb4.17.6&#8243; _module_preset=\u00bbdefault\u00bb custom_padding=\u00bb||20vh||false|false\u00bb locked=\u00bboff\u00bb global_colors_info=\u00bb{}\u00bb][\/et_pb_image][\/et_pb_column][et_pb_column type=\u00bb1_4&#8243; _builder_version=\u00bb4.27.4&#8243; _module_preset=\u00bbdefault\u00bb global_colors_info=\u00bb{}\u00bb][et_pb_text _builder_version=\u00bb4.27.4&#8243; _module_preset=\u00bbdefault\u00bb text_font=\u00bbAssistant|600|||||||\u00bb text_text_color=\u00bb#0C71C3&#8243; text_font_size=\u00bb30px\u00bb global_colors_info=\u00bb{}\u00bb]<\/p>\n<h3 style=\"text-align: center\">En esta\u00a0 parte quiero poner un poquito de mis trabajos para poder ense\u00f1ar mis habilidades hasta ahora<\/h3>\n<p>[\/et_pb_text][\/et_pb_column][\/et_pb_row][et_pb_row _builder_version=\u00bb4.27.4&#8243; _module_preset=\u00bbdefault\u00bb global_colors_info=\u00bb{}\u00bb][et_pb_column type=\u00bb4_4&#8243; _builder_version=\u00bb4.27.4&#8243; _module_preset=\u00bbdefault\u00bb global_colors_info=\u00bb{}\u00bb][et_pb_text _builder_version=\u00bb4.27.4&#8243; _module_preset=\u00bbdefault\u00bb text_font=\u00bbAmita||||||||\u00bb global_colors_info=\u00bb{}\u00bb]<\/p>\n<h1>Restaurante Arena.<\/h1>\n<p>[\/et_pb_text][\/et_pb_column][\/et_pb_row][et_pb_row _builder_version=\u00bb4.27.4&#8243; _module_preset=\u00bbdefault\u00bb global_colors_info=\u00bb{}\u00bb][et_pb_column type=\u00bb4_4&#8243; _builder_version=\u00bb4.27.4&#8243; _module_preset=\u00bbdefault\u00bb global_colors_info=\u00bb{}\u00bb][et_pb_image src=\u00bbhttps:\/\/interiores.escuelaartegranada.com\/danielaguete\/wp-content\/uploads\/sites\/76\/2025\/04\/FOTO-RESTAURANTE-SI.jpg\u00bb title_text=\u00bbFOTO RESTAURANTE SI\u00bb _builder_version=\u00bb4.27.4&#8243; _module_preset=\u00bbdefault\u00bb global_colors_info=\u00bb{}\u00bb][\/et_pb_image][\/et_pb_column][\/et_pb_row][et_pb_row column_structure=\u00bb1_2,1_2&#8243; _builder_version=\u00bb4.18.0&#8243; _module_preset=\u00bbdefault\u00bb global_colors_info=\u00bb{}\u00bb][et_pb_column type=\u00bb1_2&#8243; _builder_version=\u00bb4.18.0&#8243; _module_preset=\u00bbdefault\u00bb z_index=\u00bb10&#8243; global_colors_info=\u00bb{}\u00bb][et_pb_text _builder_version=\u00bb4.18.0&#8243; _module_preset=\u00bb7b39e609-07da-4c2d-b385-8265485d0349&#8243; header_2_font=\u00bbKrona One|||on|||||\u00bb header_2_text_color=\u00bb#000000&#8243; header_2_font_size=\u00bb100px\u00bb header_2_line_height=\u00bb1.2em\u00bb custom_margin=\u00bb250px|-80%|||false|false\u00bb custom_margin_tablet=\u00bb80px|0%|||false|false\u00bb custom_margin_phone=\u00bb40px|0%|||false|false\u00bb custom_margin_last_edited=\u00bbon|phone\u00bb custom_padding=\u00bb||||false|false\u00bb header_2_font_size_tablet=\u00bb50px\u00bb header_2_font_size_phone=\u00bb30px\u00bb header_2_font_size_last_edited=\u00bbon|phone\u00bb locked=\u00bboff\u00bb global_colors_info=\u00bb{}\u00bb]<\/p>\n<h2>restaurante arena:<\/h2>\n<p>[\/et_pb_text][et_pb_text _builder_version=\u00bb4.27.4&#8243; _module_preset=\u00bbaec0be99-8a53-4f75-abf2-64f29a8b4cc2&#8243; text_font=\u00bbKrona One||||||||\u00bb text_text_color=\u00bb#000000&#8243; text_font_size=\u00bb18px\u00bb text_line_height=\u00bb1.8em\u00bb link_text_color=\u00bb#000000&#8243; text_font_size_tablet=\u00bb16px\u00bb text_font_size_phone=\u00bb14px\u00bb text_font_size_last_edited=\u00bbon|phone\u00bb global_colors_info=\u00bb{}\u00bb]<\/p>\n<p>Este proyecto se construye desde la necesidad de crear un espacio para comidas y cenas enfocandolo en un estilo veraniego , limpio y a su vez acogedor .<\/p>\n<p>Hemos utilizado materiales como el terrazo , azulejos y tonos claros y neutros para conseguir la armon\u00eda entre ellos.<\/p>\n<p>[\/et_pb_text][\/et_pb_column][et_pb_column type=\u00bb1_2&#8243; _builder_version=\u00bb4.17.6&#8243; _module_preset=\u00bbdefault\u00bb global_colors_info=\u00bb{}\u00bb][et_pb_button button_text=\u00bbInterior Design Services\u00bb _builder_version=\u00bb4.18.0&#8243; _module_preset=\u00bba93bd5f4-85ca-4af8-aab9-5954042d5969&#8243; custom_button=\u00bbon\u00bb button_text_size=\u00bb14px\u00bb button_text_color=\u00bb#FFFFFF\u00bb button_bg_color=\u00bb#2B2521&#8243; button_border_width=\u00bb0px\u00bb button_border_radius=\u00bb0px\u00bb button_letter_spacing=\u00bb4px\u00bb button_font=\u00bbKrona One|||on|||||\u00bb custom_padding=\u00bb16px|24px|16px|24px|true|true\u00bb custom_padding_tablet=\u00bb16px|28px|16px|28px|true|true\u00bb custom_padding_phone=\u00bb14px|20px|14px|20px|true|true\u00bb custom_padding_last_edited=\u00bbon|phone\u00bb button_text_size_tablet=\u00bb15px\u00bb button_text_size_phone=\u00bb14px\u00bb button_text_size_last_edited=\u00bbon|tablet\u00bb locked=\u00bboff\u00bb global_colors_info=\u00bb{}\u00bb button_text_color__hover_enabled=\u00bboff|hover\u00bb button_bg_color__hover=\u00bb#372E2B\u00bb button_bg_color__hover_enabled=\u00bbon|hover\u00bb][\/et_pb_button][\/et_pb_column][\/et_pb_row][\/et_pb_section][et_pb_section fb_built=\u00bb1&#8243; custom_padding_last_edited=\u00bbon|tablet\u00bb admin_label=\u00bbWorks CTA\u00bb _builder_version=\u00bb4.18.0&#8243; _module_preset=\u00bbdefault\u00bb use_background_color_gradient=\u00bbon\u00bb background_color_gradient_direction=\u00bb90deg\u00bb background_color_gradient_stops=\u00bb#f7f2ef 50%|rgba(255,255,255,0) 50%\u00bb custom_padding=\u00bb0px||0px||true|false\u00bb custom_padding_tablet=\u00bb80px||80px||true|false\u00bb custom_padding_phone=\u00bb80px||80px||true|false\u00bb locked=\u00bboff\u00bb global_colors_info=\u00bb{}\u00bb][et_pb_row column_structure=\u00bb1_3,1_3,1_3&#8243; _builder_version=\u00bb4.17.6&#8243; _module_preset=\u00bbdefault\u00bb custom_padding=\u00bb0px||0px||true|false\u00bb global_colors_info=\u00bb{}\u00bb][et_pb_column type=\u00bb1_3&#8243; _builder_version=\u00bb4.17.6&#8243; _module_preset=\u00bbdefault\u00bb z_index=\u00bb10&#8243; custom_padding=\u00bb80px||||false|false\u00bb custom_padding_tablet=\u00bb0px||30px||false|false\u00bb custom_padding_phone=\u00bb0px||30px||false|false\u00bb custom_padding_last_edited=\u00bbon|phone\u00bb global_colors_info=\u00bb{}\u00bb][et_pb_text _builder_version=\u00bb4.17.6&#8243; _module_preset=\u00bb381dae94-24d7-4aff-b920-d622376eafad\u00bb header_5_font=\u00bbSacramento||||||||\u00bb header_5_text_color=\u00bb#000000&#8243; header_5_font_size=\u00bb80px\u00bb header_5_line_height=\u00bb1.2em\u00bb header_5_font_size_tablet=\u00bb40px\u00bb header_5_font_size_phone=\u00bb34px\u00bb header_5_font_size_last_edited=\u00bbon|phone\u00bb global_colors_info=\u00bb{}\u00bb][\/et_pb_text][et_pb_text _builder_version=\u00bb4.18.0&#8243; _module_preset=\u00bb7b39e609-07da-4c2d-b385-8265485d0349&#8243; header_2_font=\u00bbKrona One|||on|||||\u00bb header_2_text_color=\u00bb#000000&#8243; header_2_font_size=\u00bb100px\u00bb header_2_line_height=\u00bb1.2em\u00bb custom_margin=\u00bb|-150%|||false|false\u00bb custom_margin_tablet=\u00bb|0%|||false|false\u00bb custom_margin_phone=\u00bb|0%|||false|false\u00bb custom_margin_last_edited=\u00bbon|tablet\u00bb header_2_font_size_tablet=\u00bb50px\u00bb header_2_font_size_phone=\u00bb30px\u00bb header_2_font_size_last_edited=\u00bbon|phone\u00bb locked=\u00bboff\u00bb global_colors_info=\u00bb{}\u00bb]<\/p>\n<h2><span style=\"color: #ffffff\">escaparatismo<\/span><\/h2>\n<p>[\/et_pb_text][et_pb_image src=\u00bbhttps:\/\/interiores.escuelaartegranada.com\/danielaguete\/wp-content\/uploads\/sites\/76\/2025\/07\/4b6bcb2ba066afce959540dfe5c0be52-min-scaled-1.jpg\u00bb title_text=\u00bb4b6bcb2ba066afce959540dfe5c0be52-min-scaled\u00bb _builder_version=\u00bb4.27.4&#8243; _module_preset=\u00bbdefault\u00bb border_width_all=\u00bb4px\u00bb border_color_all=\u00bb#2B2521&#8243; locked=\u00bboff\u00bb global_colors_info=\u00bb{}\u00bb][\/et_pb_image][\/et_pb_column][et_pb_column type=\u00bb1_3&#8243; _builder_version=\u00bb4.17.6&#8243; _module_preset=\u00bbdefault\u00bb global_colors_info=\u00bb{}\u00bb][et_pb_image src=\u00bbhttps:\/\/interiores.escuelaartegranada.com\/danielaguete\/wp-content\/uploads\/sites\/76\/2025\/07\/RENDER-ESCAPARETE-.jpg\u00bb title_text=\u00bbRENDER ESCAPARETE\u00bb _builder_version=\u00bb4.27.4&#8243; _module_preset=\u00bbdefault\u00bb custom_margin=\u00bb|-50%||-50%|false|true\u00bb custom_margin_tablet=\u00bb|0%||0%|false|true\u00bb custom_margin_phone=\u00bb|0%||0%|false|true\u00bb custom_margin_last_edited=\u00bbon|phone\u00bb border_radii=\u00bboff|1000px|1000px||\u00bb border_width_all=\u00bb2px\u00bb border_color_all=\u00bb#2B2521&#8243; locked=\u00bboff\u00bb global_colors_info=\u00bb{}\u00bb][\/et_pb_image][\/et_pb_column][et_pb_column type=\u00bb1_3&#8243; _builder_version=\u00bb4.17.6&#8243; _module_preset=\u00bbdefault\u00bb custom_padding=\u00bb600px||||false|false\u00bb custom_padding_tablet=\u00bb0px||||false|false\u00bb custom_padding_phone=\u00bb0px||||false|false\u00bb custom_padding_last_edited=\u00bbon|tablet\u00bb global_colors_info=\u00bb{}\u00bb][et_pb_text _builder_version=\u00bb4.18.0&#8243; _module_preset=\u00bbaec0be99-8a53-4f75-abf2-64f29a8b4cc2&#8243; text_font=\u00bbKrona One||||||||\u00bb text_text_color=\u00bb#2B2521&#8243; text_font_size=\u00bb18px\u00bb text_line_height=\u00bb1.8em\u00bb link_text_color=\u00bb#000000&#8243; background_color=\u00bb#F7F2EF\u00bb custom_margin=\u00bb|||-50%|false|false\u00bb custom_margin_tablet=\u00bb|||0%|false|false\u00bb custom_margin_phone=\u00bb|||0%|false|false\u00bb custom_margin_last_edited=\u00bbon|tablet\u00bb custom_padding=\u00bb20px|20px|20px|20px|true|true\u00bb text_font_size_tablet=\u00bb16px\u00bb text_font_size_phone=\u00bb14px\u00bb text_font_size_last_edited=\u00bbon|phone\u00bb locked=\u00bboff\u00bb global_colors_info=\u00bb{}\u00bb]<\/p>\n<p>Este proyecto se bas\u00f3 en crear un escaparate para la escuela Arte Granada, se dise\u00f1o mediante los bocetos de los alumnos dando un alcance al p\u00fablico a acercarse un poco mas al talento de los alumnos.<\/p>\n<p>[\/et_pb_text][\/et_pb_column][\/et_pb_row][\/et_pb_section][et_pb_section fb_built=\u00bb1&#8243; admin_label=\u00bbService\u00bb _builder_version=\u00bb4.18.0&#8243; _module_preset=\u00bbdefault\u00bb background_color=\u00bb#F7F2EF\u00bb custom_margin=\u00bb100px||100px||true|false\u00bb custom_margin_tablet=\u00bb60px||60px||true|false\u00bb custom_margin_phone=\u00bb40px||40px||true|false\u00bb custom_margin_last_edited=\u00bbon|phone\u00bb custom_padding=\u00bb0px||0px||true|false\u00bb background_last_edited=\u00bboff|desktop\u00bb use_background_color_gradient_tablet=\u00bboff\u00bb global_colors_info=\u00bb{}\u00bb][et_pb_row column_structure=\u00bb1_4,3_4&#8243; make_equal=\u00bbon\u00bb _builder_version=\u00bb4.27.4&#8243; _module_preset=\u00bbdefault\u00bb background_enable_color=\u00bboff\u00bb custom_padding=\u00bb0px||0px||true|false\u00bb box_shadow_style=\u00bbpreset4&#8243; box_shadow_horizontal=\u00bb30vw\u00bb box_shadow_vertical=\u00bb0px\u00bb box_shadow_color=\u00bb#FFFFFF\u00bb global_colors_info=\u00bb{}\u00bb][et_pb_column type=\u00bb1_4&#8243; _builder_version=\u00bb4.18.0&#8243; _module_preset=\u00bbdefault\u00bb background_enable_color=\u00bboff\u00bb z_index=\u00bb10&#8243; global_colors_info=\u00bb{}\u00bb][et_pb_text _builder_version=\u00bb4.17.6&#8243; _module_preset=\u00bb381dae94-24d7-4aff-b920-d622376eafad\u00bb header_5_font=\u00bbSacramento||||||||\u00bb header_5_text_color=\u00bb#000000&#8243; header_5_font_size=\u00bb80px\u00bb header_5_line_height=\u00bb1.2em\u00bb custom_margin=\u00bb20%|-160%|||false|false\u00bb custom_margin_tablet=\u00bb10%|10%||10%|false|false\u00bb custom_margin_phone=\u00bb10%|10%||10%|false|false\u00bb custom_margin_last_edited=\u00bbon|phone\u00bb header_5_font_size_tablet=\u00bb40px\u00bb header_5_font_size_phone=\u00bb34px\u00bb header_5_font_size_last_edited=\u00bbon|phone\u00bb locked=\u00bboff\u00bb global_colors_info=\u00bb{}\u00bb]<\/p>\n<h5>Hogar IyN<\/h5>\n<p>[\/et_pb_text][et_pb_image src=\u00bbhttps:\/\/interiores.escuelaartegranada.com\/danielaguete\/wp-content\/uploads\/sites\/76\/2025\/04\/interior-designer-09.jpg\u00bb title_text=\u00bbinterior-designer-09&#8243; _builder_version=\u00bb4.17.6&#8243; _module_preset=\u00bbdefault\u00bb custom_margin=\u00bb|-80%|||false|false\u00bb custom_margin_tablet=\u00bb|20%||20%|false|true\u00bb custom_margin_phone=\u00bb|20%||20%|false|true\u00bb custom_margin_last_edited=\u00bbon|phone\u00bb border_radii=\u00bboff|1000px|1000px||\u00bb locked=\u00bboff\u00bb global_colors_info=\u00bb{}\u00bb][\/et_pb_image][\/et_pb_column][et_pb_column type=\u00bb3_4&#8243; _builder_version=\u00bb4.18.0&#8243; _module_preset=\u00bbdefault\u00bb background_color=\u00bb#FFFFFF\u00bb transform_translate=\u00bb1px|0px\u00bb transform_translate_linked=\u00bboff\u00bb global_colors_info=\u00bb{}\u00bb][et_pb_image src=\u00bbhttps:\/\/interiores.escuelaartegranada.com\/danielaguete\/wp-content\/uploads\/sites\/76\/2025\/07\/Captura-de-pantalla-2025-07-04-230052.png\u00bb title_text=\u00bbCaptura de pantalla 2025-07-04 230052&#8243; _builder_version=\u00bb4.27.4&#8243; _module_preset=\u00bbdefault\u00bb locked=\u00bboff\u00bb global_colors_info=\u00bb{}\u00bb][\/et_pb_image][et_pb_text _builder_version=\u00bb4.17.6&#8243; _module_preset=\u00bb32021f09-dd67-47fb-8f9a-832b72a38baf\u00bb header_2_font=\u00bbKrona One||||||||\u00bb header_2_text_color=\u00bb#000000&#8243; header_2_font_size=\u00bb50px\u00bb header_2_line_height=\u00bb1.35em\u00bb max_width=\u00bb80%\u00bb max_width_tablet=\u00bb100%\u00bb max_width_phone=\u00bb100%\u00bb max_width_last_edited=\u00bbon|tablet\u00bb module_alignment=\u00bbright\u00bb header_2_font_size_tablet=\u00bb30px\u00bb header_2_font_size_phone=\u00bb18px\u00bb header_2_font_size_last_edited=\u00bbon|phone\u00bb locked=\u00bboff\u00bb global_colors_info=\u00bb{}\u00bb]<\/p>\n<h2>DISE\u00d1O DE INTERIORES\u00a0<\/h2>\n<p>[\/et_pb_text][\/et_pb_column][\/et_pb_row][et_pb_row column_structure=\u00bb1_2,1_2&#8243; _builder_version=\u00bb4.27.4&#8243; _module_preset=\u00bbdefault\u00bb global_colors_info=\u00bb{}\u00bb][et_pb_column type=\u00bb1_2&#8243; _builder_version=\u00bb4.27.4&#8243; _module_preset=\u00bbdefault\u00bb global_colors_info=\u00bb{}\u00bb][et_pb_text _builder_version=\u00bb4.27.4&#8243; _module_preset=\u00bbdefault\u00bb global_colors_info=\u00bb{}\u00bb]<\/p>\n<p>Este proyecto vivienda se hizo para unos clientes que buscaban reorganizar y ganar\u00a0 sus espacios\u00a0 para poder hacer una vivienda familiar sin prescindir de su privacidad.<\/p>\n<p>[\/et_pb_text][\/et_pb_column][et_pb_column type=\u00bb1_2&#8243; _builder_version=\u00bb4.27.4&#8243; _module_preset=\u00bbdefault\u00bb global_colors_info=\u00bb{}\u00bb][\/et_pb_column][\/et_pb_row][\/et_pb_section]<\/p>\n","protected":false},"excerpt":{"rendered":"<p>Daniela AgueteproyectosEn esta\u00a0 parte quiero poner un poquito de mis trabajos para poder ense\u00f1ar mis habilidades hasta ahoraRestaurante Arena.restaurante arena:Este proyecto se construye desde la necesidad de crear un espacio para comidas y cenas enfocandolo en un estilo veraniego , limpio y a su vez acogedor . Hemos utilizado materiales como el terrazo , azulejos [&hellip;]<\/p>\n","protected":false},"author":75,"featured_media":0,"parent":0,"menu_order":0,"comment_status":"closed","ping_status":"closed","template":"","meta":{"_et_pb_use_builder":"on","_et_pb_old_content":"","_et_gb_content_width":"","footnotes":""},"class_list":["post-115","page","type-page","status-publish","hentry"],"yoast_head":"<!-- This site is optimized with the Yoast SEO plugin v24.5 - https:\/\/yoast.com\/wordpress\/plugins\/seo\/ -->\n<title>proyectos - Daniela Aguete Portfolio<\/title>\n<meta name=\"robots\" content=\"index, follow, max-snippet:-1, max-image-preview:large, max-video-preview:-1\" \/>\n<link rel=\"canonical\" href=\"https:\/\/interiores.escuelaartegranada.com\/danielaguete\/proyectos\/\" \/>\n<meta property=\"og:locale\" content=\"es_ES\" \/>\n<meta property=\"og:type\" content=\"article\" \/>\n<meta property=\"og:title\" content=\"proyectos - Daniela Aguete Portfolio\" \/>\n<meta property=\"og:description\" content=\"Daniela AgueteproyectosEn esta\u00a0 parte quiero poner un poquito de mis trabajos para poder ense\u00f1ar mis habilidades hasta ahoraRestaurante Arena.restaurante arena:Este proyecto se construye desde la necesidad de crear un espacio para comidas y cenas enfocandolo en un estilo veraniego , limpio y a su vez acogedor . Hemos utilizado materiales como el terrazo , azulejos [&hellip;]\" \/>\n<meta property=\"og:url\" content=\"https:\/\/interiores.escuelaartegranada.com\/danielaguete\/proyectos\/\" \/>\n<meta property=\"og:site_name\" content=\"Daniela Aguete Portfolio\" \/>\n<meta property=\"article:modified_time\" content=\"2025-07-04T21:11:08+00:00\" \/>\n<meta name=\"twitter:card\" content=\"summary_large_image\" \/>\n<meta name=\"twitter:label1\" content=\"Tiempo de lectura\" \/>\n\t<meta name=\"twitter:data1\" content=\"2 minutos\" \/>\n<script type=\"application\/ld+json\" class=\"yoast-schema-graph\">{\"@context\":\"https:\/\/schema.org\",\"@graph\":[{\"@type\":\"WebPage\",\"@id\":\"https:\/\/interiores.escuelaartegranada.com\/danielaguete\/proyectos\/\",\"url\":\"https:\/\/interiores.escuelaartegranada.com\/danielaguete\/proyectos\/\",\"name\":\"proyectos - Daniela Aguete Portfolio\",\"isPartOf\":{\"@id\":\"https:\/\/interiores.escuelaartegranada.com\/danielaguete\/#website\"},\"datePublished\":\"2025-04-22T08:22:28+00:00\",\"dateModified\":\"2025-07-04T21:11:08+00:00\",\"breadcrumb\":{\"@id\":\"https:\/\/interiores.escuelaartegranada.com\/danielaguete\/proyectos\/#breadcrumb\"},\"inLanguage\":\"es\",\"potentialAction\":[{\"@type\":\"ReadAction\",\"target\":[\"https:\/\/interiores.escuelaartegranada.com\/danielaguete\/proyectos\/\"]}]},{\"@type\":\"BreadcrumbList\",\"@id\":\"https:\/\/interiores.escuelaartegranada.com\/danielaguete\/proyectos\/#breadcrumb\",\"itemListElement\":[{\"@type\":\"ListItem\",\"position\":1,\"name\":\"Portada\",\"item\":\"https:\/\/interiores.escuelaartegranada.com\/danielaguete\/\"},{\"@type\":\"ListItem\",\"position\":2,\"name\":\"proyectos\"}]},{\"@type\":\"WebSite\",\"@id\":\"https:\/\/interiores.escuelaartegranada.com\/danielaguete\/#website\",\"url\":\"https:\/\/interiores.escuelaartegranada.com\/danielaguete\/\",\"name\":\"Daniela Aguete Portfolio\",\"description\":\"\",\"potentialAction\":[{\"@type\":\"SearchAction\",\"target\":{\"@type\":\"EntryPoint\",\"urlTemplate\":\"https:\/\/interiores.escuelaartegranada.com\/danielaguete\/?s={search_term_string}\"},\"query-input\":{\"@type\":\"PropertyValueSpecification\",\"valueRequired\":true,\"valueName\":\"search_term_string\"}}],\"inLanguage\":\"es\"}]}<\/script>\n<!-- \/ Yoast SEO plugin. -->","yoast_head_json":{"title":"proyectos - Daniela Aguete Portfolio","robots":{"index":"index","follow":"follow","max-snippet":"max-snippet:-1","max-image-preview":"max-image-preview:large","max-video-preview":"max-video-preview:-1"},"canonical":"https:\/\/interiores.escuelaartegranada.com\/danielaguete\/proyectos\/","og_locale":"es_ES","og_type":"article","og_title":"proyectos - Daniela Aguete Portfolio","og_description":"Daniela AgueteproyectosEn esta\u00a0 parte quiero poner un poquito de mis trabajos para poder ense\u00f1ar mis habilidades hasta ahoraRestaurante Arena.restaurante arena:Este proyecto se construye desde la necesidad de crear un espacio para comidas y cenas enfocandolo en un estilo veraniego , limpio y a su vez acogedor . Hemos utilizado materiales como el terrazo , azulejos [&hellip;]","og_url":"https:\/\/interiores.escuelaartegranada.com\/danielaguete\/proyectos\/","og_site_name":"Daniela Aguete Portfolio","article_modified_time":"2025-07-04T21:11:08+00:00","twitter_card":"summary_large_image","twitter_misc":{"Tiempo de lectura":"2 minutos"},"schema":{"@context":"https:\/\/schema.org","@graph":[{"@type":"WebPage","@id":"https:\/\/interiores.escuelaartegranada.com\/danielaguete\/proyectos\/","url":"https:\/\/interiores.escuelaartegranada.com\/danielaguete\/proyectos\/","name":"proyectos - Daniela Aguete Portfolio","isPartOf":{"@id":"https:\/\/interiores.escuelaartegranada.com\/danielaguete\/#website"},"datePublished":"2025-04-22T08:22:28+00:00","dateModified":"2025-07-04T21:11:08+00:00","breadcrumb":{"@id":"https:\/\/interiores.escuelaartegranada.com\/danielaguete\/proyectos\/#breadcrumb"},"inLanguage":"es","potentialAction":[{"@type":"ReadAction","target":["https:\/\/interiores.escuelaartegranada.com\/danielaguete\/proyectos\/"]}]},{"@type":"BreadcrumbList","@id":"https:\/\/interiores.escuelaartegranada.com\/danielaguete\/proyectos\/#breadcrumb","itemListElement":[{"@type":"ListItem","position":1,"name":"Portada","item":"https:\/\/interiores.escuelaartegranada.com\/danielaguete\/"},{"@type":"ListItem","position":2,"name":"proyectos"}]},{"@type":"WebSite","@id":"https:\/\/interiores.escuelaartegranada.com\/danielaguete\/#website","url":"https:\/\/interiores.escuelaartegranada.com\/danielaguete\/","name":"Daniela Aguete Portfolio","description":"","potentialAction":[{"@type":"SearchAction","target":{"@type":"EntryPoint","urlTemplate":"https:\/\/interiores.escuelaartegranada.com\/danielaguete\/?s={search_term_string}"},"query-input":{"@type":"PropertyValueSpecification","valueRequired":true,"valueName":"search_term_string"}}],"inLanguage":"es"}]}},"_links":{"self":[{"href":"https:\/\/interiores.escuelaartegranada.com\/danielaguete\/wp-json\/wp\/v2\/pages\/115","targetHints":{"allow":["GET"]}}],"collection":[{"href":"https:\/\/interiores.escuelaartegranada.com\/danielaguete\/wp-json\/wp\/v2\/pages"}],"about":[{"href":"https:\/\/interiores.escuelaartegranada.com\/danielaguete\/wp-json\/wp\/v2\/types\/page"}],"author":[{"embeddable":true,"href":"https:\/\/interiores.escuelaartegranada.com\/danielaguete\/wp-json\/wp\/v2\/users\/75"}],"replies":[{"embeddable":true,"href":"https:\/\/interiores.escuelaartegranada.com\/danielaguete\/wp-json\/wp\/v2\/comments?post=115"}],"version-history":[{"count":7,"href":"https:\/\/interiores.escuelaartegranada.com\/danielaguete\/wp-json\/wp\/v2\/pages\/115\/revisions"}],"predecessor-version":[{"id":142,"href":"https:\/\/interiores.escuelaartegranada.com\/danielaguete\/wp-json\/wp\/v2\/pages\/115\/revisions\/142"}],"wp:attachment":[{"href":"https:\/\/interiores.escuelaartegranada.com\/danielaguete\/wp-json\/wp\/v2\/media?parent=115"}],"curies":[{"name":"wp","href":"https:\/\/api.w.org\/{rel}","templated":true}]}}