{"id":341,"date":"2023-05-30T14:14:34","date_gmt":"2023-05-30T14:14:34","guid":{"rendered":"https:\/\/interiores.escuelaartegranada.com\/edwinfabian\/?page_id=341"},"modified":"2023-05-30T15:30:35","modified_gmt":"2023-05-30T15:30:35","slug":"portfolio","status":"publish","type":"page","link":"https:\/\/interiores.escuelaartegranada.com\/edwinfabian\/portfolio\/","title":{"rendered":"PORTFOLIO"},"content":{"rendered":"<p>[et_pb_section fb_built=\u00bb1&#8243; _builder_version=\u00bb4.20.0&#8243; _module_preset=\u00bbdefault\u00bb global_colors_info=\u00bb{}\u00bb][et_pb_row column_structure=\u00bb1_4,1_4,1_4,1_4&#8243; _builder_version=\u00bb4.20.0&#8243; _module_preset=\u00bbdefault\u00bb global_colors_info=\u00bb{}\u00bb][et_pb_column type=\u00bb1_4&#8243; _builder_version=\u00bb4.20.0&#8243; _module_preset=\u00bbdefault\u00bb global_colors_info=\u00bb{}\u00bb][et_pb_image src=\u00bbhttps:\/\/interiores.escuelaartegranada.com\/edwinfabian\/wp-content\/uploads\/sites\/50\/2023\/04\/1.jpg\u00bb title_text=\u00bb1&#8243; url=\u00bbhttps:\/\/interiores.escuelaartegranada.com\/edwinfabian\/project\/diseno-historico\/?et_fb=1&amp;PageSpeed=off\u00bb use_overlay=\u00bbon\u00bb overlay_icon_color=\u00bb#797979&#8243; hover_icon=\u00bb&#x5c;||divi||400&#8243; _builder_version=\u00bb4.20.0&#8243; _module_preset=\u00bbdefault\u00bb border_width_all=\u00bb1px\u00bb border_color_all=\u00bb#e5e5e5&#8243; global_colors_info=\u00bb{}\u00bb][\/et_pb_image][\/et_pb_column][et_pb_column type=\u00bb1_4&#8243; _builder_version=\u00bb4.20.0&#8243; _module_preset=\u00bbdefault\u00bb global_colors_info=\u00bb{}\u00bb][et_pb_image src=\u00bbhttps:\/\/interiores.escuelaartegranada.com\/edwinfabian\/wp-content\/uploads\/sites\/50\/2023\/05\/Esc_05-min.png\u00bb title_text=\u00bbEsc_05-min\u00bb url=\u00bbhttps:\/\/interiores.escuelaartegranada.com\/edwinfabian\/project\/escenografia\/?et_fb=1&amp;PageSpeed=off\u00bb use_overlay=\u00bbon\u00bb overlay_icon_color=\u00bb#797979&#8243; hover_icon=\u00bb&#x5c;||divi||400&#8243; _builder_version=\u00bb4.20.0&#8243; _module_preset=\u00bbdefault\u00bb border_width_all=\u00bb1px\u00bb border_color_all=\u00bb#e5e5e5&#8243; global_colors_info=\u00bb{}\u00bb][\/et_pb_image][\/et_pb_column][et_pb_column type=\u00bb1_4&#8243; _builder_version=\u00bb4.20.0&#8243; _module_preset=\u00bbdefault\u00bb global_colors_info=\u00bb{}\u00bb][et_pb_image src=\u00bbhttps:\/\/interiores.escuelaartegranada.com\/edwinfabian\/wp-content\/uploads\/sites\/50\/2023\/05\/infografias.005.jpeg\u00bb title_text=\u00bbinfografias.005&#8243; _builder_version=\u00bb4.20.0&#8243; _module_preset=\u00bbdefault\u00bb hover_enabled=\u00bb0&#8243; global_colors_info=\u00bb{}\u00bb url=\u00bbhttps:\/\/interiores.escuelaartegranada.com\/edwinfabian\/project\/infografias-3d\/?et_fb=1&amp;PageSpeed=off\u00bb use_overlay=\u00bbon\u00bb overlay_icon_color=\u00bb#797979&#8243; hover_icon=\u00bb&#x5c;||divi||400&#8243; sticky_enabled=\u00bb0&#8243;][\/et_pb_image][\/et_pb_column][et_pb_column type=\u00bb1_4&#8243; _builder_version=\u00bb4.20.0&#8243; _module_preset=\u00bbdefault\u00bb global_colors_info=\u00bb{}\u00bb][\/et_pb_column][\/et_pb_row][et_pb_row _builder_version=\u00bb4.20.0&#8243; _module_preset=\u00bbdefault\u00bb column_structure=\u00bb1_4,1_4,1_4,1_4&#8243; custom_margin=\u00bb-40px||||false|false\u00bb hover_enabled=\u00bb0&#8243; sticky_enabled=\u00bb0&#8243;][et_pb_column _builder_version=\u00bb4.20.0&#8243; _module_preset=\u00bbdefault\u00bb type=\u00bb1_4&#8243;][et_pb_text _builder_version=\u00bb4.20.0&#8243; _module_preset=\u00bbdefault\u00bb text_font=\u00bbAlbert Sans|600|||||||\u00bb text_text_color=\u00bb#797979&#8243; hover_enabled=\u00bb0&#8243; sticky_enabled=\u00bb0&#8243; text_font_size=\u00bb16px\u00bb text_orientation=\u00bbcenter\u00bb]<\/p>\n<p>Dise\u00f1o Historico<\/p>\n<p>[\/et_pb_text][\/et_pb_column][et_pb_column _builder_version=\u00bb4.20.0&#8243; _module_preset=\u00bbdefault\u00bb type=\u00bb1_4&#8243;][et_pb_text _builder_version=\u00bb4.20.0&#8243; _module_preset=\u00bbdefault\u00bb text_font=\u00bbAlbert Sans|600|||||||\u00bb text_font_size=\u00bb16px\u00bb hover_enabled=\u00bb0&#8243; sticky_enabled=\u00bb0&#8243; text_orientation=\u00bbcenter\u00bb]<\/p>\n<p>Escenograf\u00eda<\/p>\n<p>[\/et_pb_text][\/et_pb_column][et_pb_column _builder_version=\u00bb4.20.0&#8243; _module_preset=\u00bbdefault\u00bb type=\u00bb1_4&#8243;][et_pb_text _builder_version=\u00bb4.20.0&#8243; _module_preset=\u00bbdefault\u00bb text_font=\u00bbAlbert Sans|600|||||||\u00bb text_font_size=\u00bb16px\u00bb hover_enabled=\u00bb0&#8243; sticky_enabled=\u00bb0&#8243; text_orientation=\u00bbcenter\u00bb]<\/p>\n<p>Infograf\u00edas 3D<\/p>\n<p>[\/et_pb_text][\/et_pb_column][et_pb_column _builder_version=\u00bb4.20.0&#8243; _module_preset=\u00bbdefault\u00bb type=\u00bb1_4&#8243;][\/et_pb_column][\/et_pb_row][\/et_pb_section]<\/p>\n","protected":false},"excerpt":{"rendered":"<p>Dise\u00f1o HistoricoEscenograf\u00edaInfograf\u00edas 3D<\/p>\n","protected":false},"author":48,"featured_media":0,"parent":0,"menu_order":0,"comment_status":"closed","ping_status":"closed","template":"","meta":{"_et_pb_use_builder":"on","_et_pb_old_content":"","_et_gb_content_width":"","footnotes":""},"class_list":["post-341","page","type-page","status-publish","hentry"],"yoast_head":"<!-- This site is optimized with the Yoast SEO plugin v24.5 - https:\/\/yoast.com\/wordpress\/plugins\/seo\/ -->\n<title>PORTFOLIO - Portfolio Fabian Mazuera<\/title>\n<meta name=\"robots\" content=\"index, follow, max-snippet:-1, max-image-preview:large, max-video-preview:-1\" \/>\n<link rel=\"canonical\" href=\"https:\/\/interiores.escuelaartegranada.com\/edwinfabian\/portfolio\/\" \/>\n<meta property=\"og:locale\" content=\"es_ES\" \/>\n<meta property=\"og:type\" content=\"article\" \/>\n<meta property=\"og:title\" content=\"PORTFOLIO - Portfolio Fabian Mazuera\" \/>\n<meta property=\"og:description\" content=\"Dise\u00f1o HistoricoEscenograf\u00edaInfograf\u00edas 3D\" \/>\n<meta property=\"og:url\" content=\"https:\/\/interiores.escuelaartegranada.com\/edwinfabian\/portfolio\/\" \/>\n<meta property=\"og:site_name\" content=\"Portfolio Fabian Mazuera\" \/>\n<meta property=\"article:modified_time\" content=\"2023-05-30T15:30:35+00:00\" \/>\n<meta name=\"twitter:card\" content=\"summary_large_image\" \/>\n<meta name=\"twitter:label1\" content=\"Tiempo de lectura\" \/>\n\t<meta name=\"twitter:data1\" content=\"1 minuto\" \/>\n<script type=\"application\/ld+json\" class=\"yoast-schema-graph\">{\"@context\":\"https:\/\/schema.org\",\"@graph\":[{\"@type\":\"WebPage\",\"@id\":\"https:\/\/interiores.escuelaartegranada.com\/edwinfabian\/portfolio\/\",\"url\":\"https:\/\/interiores.escuelaartegranada.com\/edwinfabian\/portfolio\/\",\"name\":\"PORTFOLIO - Portfolio Fabian Mazuera\",\"isPartOf\":{\"@id\":\"https:\/\/interiores.escuelaartegranada.com\/edwinfabian\/#website\"},\"datePublished\":\"2023-05-30T14:14:34+00:00\",\"dateModified\":\"2023-05-30T15:30:35+00:00\",\"breadcrumb\":{\"@id\":\"https:\/\/interiores.escuelaartegranada.com\/edwinfabian\/portfolio\/#breadcrumb\"},\"inLanguage\":\"es\",\"potentialAction\":[{\"@type\":\"ReadAction\",\"target\":[\"https:\/\/interiores.escuelaartegranada.com\/edwinfabian\/portfolio\/\"]}]},{\"@type\":\"BreadcrumbList\",\"@id\":\"https:\/\/interiores.escuelaartegranada.com\/edwinfabian\/portfolio\/#breadcrumb\",\"itemListElement\":[{\"@type\":\"ListItem\",\"position\":1,\"name\":\"Portada\",\"item\":\"https:\/\/interiores.escuelaartegranada.com\/edwinfabian\/\"},{\"@type\":\"ListItem\",\"position\":2,\"name\":\"PORTFOLIO\"}]},{\"@type\":\"WebSite\",\"@id\":\"https:\/\/interiores.escuelaartegranada.com\/edwinfabian\/#website\",\"url\":\"https:\/\/interiores.escuelaartegranada.com\/edwinfabian\/\",\"name\":\"Portfolio Fabian Mazuera\",\"description\":\"\",\"potentialAction\":[{\"@type\":\"SearchAction\",\"target\":{\"@type\":\"EntryPoint\",\"urlTemplate\":\"https:\/\/interiores.escuelaartegranada.com\/edwinfabian\/?s={search_term_string}\"},\"query-input\":{\"@type\":\"PropertyValueSpecification\",\"valueRequired\":true,\"valueName\":\"search_term_string\"}}],\"inLanguage\":\"es\"}]}<\/script>\n<!-- \/ Yoast SEO plugin. -->","yoast_head_json":{"title":"PORTFOLIO - Portfolio Fabian Mazuera","robots":{"index":"index","follow":"follow","max-snippet":"max-snippet:-1","max-image-preview":"max-image-preview:large","max-video-preview":"max-video-preview:-1"},"canonical":"https:\/\/interiores.escuelaartegranada.com\/edwinfabian\/portfolio\/","og_locale":"es_ES","og_type":"article","og_title":"PORTFOLIO - Portfolio Fabian Mazuera","og_description":"Dise\u00f1o HistoricoEscenograf\u00edaInfograf\u00edas 3D","og_url":"https:\/\/interiores.escuelaartegranada.com\/edwinfabian\/portfolio\/","og_site_name":"Portfolio Fabian Mazuera","article_modified_time":"2023-05-30T15:30:35+00:00","twitter_card":"summary_large_image","twitter_misc":{"Tiempo de lectura":"1 minuto"},"schema":{"@context":"https:\/\/schema.org","@graph":[{"@type":"WebPage","@id":"https:\/\/interiores.escuelaartegranada.com\/edwinfabian\/portfolio\/","url":"https:\/\/interiores.escuelaartegranada.com\/edwinfabian\/portfolio\/","name":"PORTFOLIO - Portfolio Fabian Mazuera","isPartOf":{"@id":"https:\/\/interiores.escuelaartegranada.com\/edwinfabian\/#website"},"datePublished":"2023-05-30T14:14:34+00:00","dateModified":"2023-05-30T15:30:35+00:00","breadcrumb":{"@id":"https:\/\/interiores.escuelaartegranada.com\/edwinfabian\/portfolio\/#breadcrumb"},"inLanguage":"es","potentialAction":[{"@type":"ReadAction","target":["https:\/\/interiores.escuelaartegranada.com\/edwinfabian\/portfolio\/"]}]},{"@type":"BreadcrumbList","@id":"https:\/\/interiores.escuelaartegranada.com\/edwinfabian\/portfolio\/#breadcrumb","itemListElement":[{"@type":"ListItem","position":1,"name":"Portada","item":"https:\/\/interiores.escuelaartegranada.com\/edwinfabian\/"},{"@type":"ListItem","position":2,"name":"PORTFOLIO"}]},{"@type":"WebSite","@id":"https:\/\/interiores.escuelaartegranada.com\/edwinfabian\/#website","url":"https:\/\/interiores.escuelaartegranada.com\/edwinfabian\/","name":"Portfolio Fabian Mazuera","description":"","potentialAction":[{"@type":"SearchAction","target":{"@type":"EntryPoint","urlTemplate":"https:\/\/interiores.escuelaartegranada.com\/edwinfabian\/?s={search_term_string}"},"query-input":{"@type":"PropertyValueSpecification","valueRequired":true,"valueName":"search_term_string"}}],"inLanguage":"es"}]}},"_links":{"self":[{"href":"https:\/\/interiores.escuelaartegranada.com\/edwinfabian\/wp-json\/wp\/v2\/pages\/341","targetHints":{"allow":["GET"]}}],"collection":[{"href":"https:\/\/interiores.escuelaartegranada.com\/edwinfabian\/wp-json\/wp\/v2\/pages"}],"about":[{"href":"https:\/\/interiores.escuelaartegranada.com\/edwinfabian\/wp-json\/wp\/v2\/types\/page"}],"author":[{"embeddable":true,"href":"https:\/\/interiores.escuelaartegranada.com\/edwinfabian\/wp-json\/wp\/v2\/users\/48"}],"replies":[{"embeddable":true,"href":"https:\/\/interiores.escuelaartegranada.com\/edwinfabian\/wp-json\/wp\/v2\/comments?post=341"}],"version-history":[{"count":14,"href":"https:\/\/interiores.escuelaartegranada.com\/edwinfabian\/wp-json\/wp\/v2\/pages\/341\/revisions"}],"predecessor-version":[{"id":391,"href":"https:\/\/interiores.escuelaartegranada.com\/edwinfabian\/wp-json\/wp\/v2\/pages\/341\/revisions\/391"}],"wp:attachment":[{"href":"https:\/\/interiores.escuelaartegranada.com\/edwinfabian\/wp-json\/wp\/v2\/media?parent=341"}],"curies":[{"name":"wp","href":"https:\/\/api.w.org\/{rel}","templated":true}]}}