{"id":52,"date":"2024-05-02T10:27:04","date_gmt":"2024-05-02T10:27:04","guid":{"rendered":"https:\/\/interiores.escuelaartegranada.com\/luciaarroyal\/?page_id=52"},"modified":"2024-05-09T09:53:05","modified_gmt":"2024-05-09T09:53:05","slug":"sobre-mi","status":"publish","type":"page","link":"https:\/\/interiores.escuelaartegranada.com\/luciaarroyal\/sobre-mi\/","title":{"rendered":"Sobre mi"},"content":{"rendered":"<p>[et_pb_section fb_built=\u00bb1&#8243; _builder_version=\u00bb4.25.0&#8243; _module_preset=\u00bbdefault\u00bb global_colors_info=\u00bb{}\u00bb][et_pb_row column_structure=\u00bb1_2,1_2&#8243; _builder_version=\u00bb4.25.0&#8243; _module_preset=\u00bbdefault\u00bb hover_enabled=\u00bb0&#8243; global_colors_info=\u00bb{}\u00bb sticky_enabled=\u00bb0&#8243;][et_pb_column type=\u00bb1_2&#8243; _builder_version=\u00bb4.25.0&#8243; _module_preset=\u00bbdefault\u00bb global_colors_info=\u00bb{}\u00bb][et_pb_text _builder_version=\u00bb4.25.0&#8243; _module_preset=\u00bbdefault\u00bb hover_enabled=\u00bb0&#8243; global_colors_info=\u00bb{}\u00bb sticky_enabled=\u00bb0&#8243; text_line_height=\u00bb1.9em\u00bb text_font_size=\u00bb17px\u00bb text_text_color=\u00bb#939393&#8243; text_font=\u00bbAllerta||||||||\u00bb]<\/p>\n<p>Hola! Me presento soy Lucia Arroyal\u00a0 \u00a0estudiante de dise\u00f1o de interiores fomentando mi creatividad una pasi\u00f3n por transformar espacios. Mi enfoque se centra en crear ambientes que no solo sean visualmente atractivos, sino tambi\u00e9n funcionales y acogedores. Cada proyecto es una oportunidad para explorar nuevas ideas, jugar con texturas y colores, y encontrar soluciones innovadoras para satisfacer las necesidades de mis clientes.<\/p>\n<p>Mi inspiraci\u00f3n proviene de la arquitectura, el arte y la naturaleza, y busco siempre incorporar elementos \u00fanicos y personalizados en mis dise\u00f1os. Con una atenci\u00f3n meticulosa al detalle y un ojo para el dise\u00f1o atemporal, me esfuerzo por crear espacios que reflejen la personalidad y estilo de quienes los habitan.<\/p>\n<p>Estoy emocionado por seguir aprendiendo y creciendo en el mundo del dise\u00f1o de interiores, y estoy ansioso por colaborar en proyectos que desaf\u00eden mi creatividad y me permitan seguir explorando nuevas ideas y tendencias en el dise\u00f1o de espacios. \u00a1Espero poder trabajar juntos para hacer realidad tus sue\u00f1os de dise\u00f1o interior!\u00bb<\/p>\n<p>[\/et_pb_text][\/et_pb_column][et_pb_column type=\u00bb1_2&#8243; _builder_version=\u00bb4.25.0&#8243; _module_preset=\u00bbdefault\u00bb global_colors_info=\u00bb{}\u00bb][et_pb_image src=\u00bbhttps:\/\/interiores.escuelaartegranada.com\/luciaarroyal\/wp-content\/uploads\/sites\/62\/2024\/05\/IMG_1425-min-scaled.jpeg\u00bb title_text=\u00bbIMG_1425-min\u00bb _builder_version=\u00bb4.25.0&#8243; _module_preset=\u00bbdefault\u00bb global_colors_info=\u00bb{}\u00bb][\/et_pb_image][\/et_pb_column][\/et_pb_row][\/et_pb_section]<\/p>\n","protected":false},"excerpt":{"rendered":"<p>Hola! Me presento soy Lucia Arroyal\u00a0 \u00a0estudiante de dise\u00f1o de interiores fomentando mi creatividad una pasi\u00f3n por transformar espacios. Mi enfoque se centra en crear ambientes que no solo sean visualmente atractivos, sino tambi\u00e9n funcionales y acogedores. Cada proyecto es una oportunidad para explorar nuevas ideas, jugar con texturas y colores, y encontrar soluciones innovadoras [&hellip;]<\/p>\n","protected":false},"author":61,"featured_media":0,"parent":0,"menu_order":0,"comment_status":"closed","ping_status":"closed","template":"","meta":{"_et_pb_use_builder":"on","_et_pb_old_content":"","_et_gb_content_width":"","footnotes":""},"class_list":["post-52","page","type-page","status-publish","hentry"],"yoast_head":"<!-- This site is optimized with the Yoast SEO plugin v24.5 - https:\/\/yoast.com\/wordpress\/plugins\/seo\/ -->\n<title>Sobre mi - Portoflio Luc\u00eda<\/title>\n<meta name=\"robots\" content=\"index, follow, max-snippet:-1, max-image-preview:large, max-video-preview:-1\" \/>\n<link rel=\"canonical\" href=\"https:\/\/interiores.escuelaartegranada.com\/luciaarroyal\/sobre-mi\/\" \/>\n<meta property=\"og:locale\" content=\"es_ES\" \/>\n<meta property=\"og:type\" content=\"article\" \/>\n<meta property=\"og:title\" content=\"Sobre mi - Portoflio Luc\u00eda\" \/>\n<meta property=\"og:description\" content=\"Hola! Me presento soy Lucia Arroyal\u00a0 \u00a0estudiante de dise\u00f1o de interiores fomentando mi creatividad una pasi\u00f3n por transformar espacios. Mi enfoque se centra en crear ambientes que no solo sean visualmente atractivos, sino tambi\u00e9n funcionales y acogedores. Cada proyecto es una oportunidad para explorar nuevas ideas, jugar con texturas y colores, y encontrar soluciones innovadoras [&hellip;]\" \/>\n<meta property=\"og:url\" content=\"https:\/\/interiores.escuelaartegranada.com\/luciaarroyal\/sobre-mi\/\" \/>\n<meta property=\"og:site_name\" content=\"Portoflio Luc\u00eda\" \/>\n<meta property=\"article:modified_time\" content=\"2024-05-09T09:53:05+00:00\" \/>\n<meta name=\"twitter:card\" content=\"summary_large_image\" \/>\n<meta name=\"twitter:label1\" content=\"Tiempo de lectura\" \/>\n\t<meta name=\"twitter:data1\" content=\"1 minuto\" \/>\n<script type=\"application\/ld+json\" class=\"yoast-schema-graph\">{\"@context\":\"https:\/\/schema.org\",\"@graph\":[{\"@type\":\"WebPage\",\"@id\":\"https:\/\/interiores.escuelaartegranada.com\/luciaarroyal\/sobre-mi\/\",\"url\":\"https:\/\/interiores.escuelaartegranada.com\/luciaarroyal\/sobre-mi\/\",\"name\":\"Sobre mi - Portoflio Luc\u00eda\",\"isPartOf\":{\"@id\":\"https:\/\/interiores.escuelaartegranada.com\/luciaarroyal\/#website\"},\"datePublished\":\"2024-05-02T10:27:04+00:00\",\"dateModified\":\"2024-05-09T09:53:05+00:00\",\"breadcrumb\":{\"@id\":\"https:\/\/interiores.escuelaartegranada.com\/luciaarroyal\/sobre-mi\/#breadcrumb\"},\"inLanguage\":\"es\",\"potentialAction\":[{\"@type\":\"ReadAction\",\"target\":[\"https:\/\/interiores.escuelaartegranada.com\/luciaarroyal\/sobre-mi\/\"]}]},{\"@type\":\"BreadcrumbList\",\"@id\":\"https:\/\/interiores.escuelaartegranada.com\/luciaarroyal\/sobre-mi\/#breadcrumb\",\"itemListElement\":[{\"@type\":\"ListItem\",\"position\":1,\"name\":\"Portada\",\"item\":\"https:\/\/interiores.escuelaartegranada.com\/luciaarroyal\/\"},{\"@type\":\"ListItem\",\"position\":2,\"name\":\"Sobre mi\"}]},{\"@type\":\"WebSite\",\"@id\":\"https:\/\/interiores.escuelaartegranada.com\/luciaarroyal\/#website\",\"url\":\"https:\/\/interiores.escuelaartegranada.com\/luciaarroyal\/\",\"name\":\"Portoflio Luc\u00eda\",\"description\":\"\",\"potentialAction\":[{\"@type\":\"SearchAction\",\"target\":{\"@type\":\"EntryPoint\",\"urlTemplate\":\"https:\/\/interiores.escuelaartegranada.com\/luciaarroyal\/?s={search_term_string}\"},\"query-input\":{\"@type\":\"PropertyValueSpecification\",\"valueRequired\":true,\"valueName\":\"search_term_string\"}}],\"inLanguage\":\"es\"}]}<\/script>\n<!-- \/ Yoast SEO plugin. -->","yoast_head_json":{"title":"Sobre mi - Portoflio Luc\u00eda","robots":{"index":"index","follow":"follow","max-snippet":"max-snippet:-1","max-image-preview":"max-image-preview:large","max-video-preview":"max-video-preview:-1"},"canonical":"https:\/\/interiores.escuelaartegranada.com\/luciaarroyal\/sobre-mi\/","og_locale":"es_ES","og_type":"article","og_title":"Sobre mi - Portoflio Luc\u00eda","og_description":"Hola! Me presento soy Lucia Arroyal\u00a0 \u00a0estudiante de dise\u00f1o de interiores fomentando mi creatividad una pasi\u00f3n por transformar espacios. Mi enfoque se centra en crear ambientes que no solo sean visualmente atractivos, sino tambi\u00e9n funcionales y acogedores. Cada proyecto es una oportunidad para explorar nuevas ideas, jugar con texturas y colores, y encontrar soluciones innovadoras [&hellip;]","og_url":"https:\/\/interiores.escuelaartegranada.com\/luciaarroyal\/sobre-mi\/","og_site_name":"Portoflio Luc\u00eda","article_modified_time":"2024-05-09T09:53:05+00:00","twitter_card":"summary_large_image","twitter_misc":{"Tiempo de lectura":"1 minuto"},"schema":{"@context":"https:\/\/schema.org","@graph":[{"@type":"WebPage","@id":"https:\/\/interiores.escuelaartegranada.com\/luciaarroyal\/sobre-mi\/","url":"https:\/\/interiores.escuelaartegranada.com\/luciaarroyal\/sobre-mi\/","name":"Sobre mi - Portoflio Luc\u00eda","isPartOf":{"@id":"https:\/\/interiores.escuelaartegranada.com\/luciaarroyal\/#website"},"datePublished":"2024-05-02T10:27:04+00:00","dateModified":"2024-05-09T09:53:05+00:00","breadcrumb":{"@id":"https:\/\/interiores.escuelaartegranada.com\/luciaarroyal\/sobre-mi\/#breadcrumb"},"inLanguage":"es","potentialAction":[{"@type":"ReadAction","target":["https:\/\/interiores.escuelaartegranada.com\/luciaarroyal\/sobre-mi\/"]}]},{"@type":"BreadcrumbList","@id":"https:\/\/interiores.escuelaartegranada.com\/luciaarroyal\/sobre-mi\/#breadcrumb","itemListElement":[{"@type":"ListItem","position":1,"name":"Portada","item":"https:\/\/interiores.escuelaartegranada.com\/luciaarroyal\/"},{"@type":"ListItem","position":2,"name":"Sobre mi"}]},{"@type":"WebSite","@id":"https:\/\/interiores.escuelaartegranada.com\/luciaarroyal\/#website","url":"https:\/\/interiores.escuelaartegranada.com\/luciaarroyal\/","name":"Portoflio Luc\u00eda","description":"","potentialAction":[{"@type":"SearchAction","target":{"@type":"EntryPoint","urlTemplate":"https:\/\/interiores.escuelaartegranada.com\/luciaarroyal\/?s={search_term_string}"},"query-input":{"@type":"PropertyValueSpecification","valueRequired":true,"valueName":"search_term_string"}}],"inLanguage":"es"}]}},"_links":{"self":[{"href":"https:\/\/interiores.escuelaartegranada.com\/luciaarroyal\/wp-json\/wp\/v2\/pages\/52","targetHints":{"allow":["GET"]}}],"collection":[{"href":"https:\/\/interiores.escuelaartegranada.com\/luciaarroyal\/wp-json\/wp\/v2\/pages"}],"about":[{"href":"https:\/\/interiores.escuelaartegranada.com\/luciaarroyal\/wp-json\/wp\/v2\/types\/page"}],"author":[{"embeddable":true,"href":"https:\/\/interiores.escuelaartegranada.com\/luciaarroyal\/wp-json\/wp\/v2\/users\/61"}],"replies":[{"embeddable":true,"href":"https:\/\/interiores.escuelaartegranada.com\/luciaarroyal\/wp-json\/wp\/v2\/comments?post=52"}],"version-history":[{"count":9,"href":"https:\/\/interiores.escuelaartegranada.com\/luciaarroyal\/wp-json\/wp\/v2\/pages\/52\/revisions"}],"predecessor-version":[{"id":82,"href":"https:\/\/interiores.escuelaartegranada.com\/luciaarroyal\/wp-json\/wp\/v2\/pages\/52\/revisions\/82"}],"wp:attachment":[{"href":"https:\/\/interiores.escuelaartegranada.com\/luciaarroyal\/wp-json\/wp\/v2\/media?parent=52"}],"curies":[{"name":"wp","href":"https:\/\/api.w.org\/{rel}","templated":true}]}}