{"id":93,"date":"2024-04-26T07:19:17","date_gmt":"2024-04-26T07:19:17","guid":{"rendered":"https:\/\/interiores.escuelaartegranada.com\/margaritaaguado\/?page_id=93"},"modified":"2024-09-18T09:40:05","modified_gmt":"2024-09-18T09:40:05","slug":"sobre-mi","status":"publish","type":"page","link":"https:\/\/interiores.escuelaartegranada.com\/margaritaaguado\/sobre-mi\/","title":{"rendered":"Sobre m\u00ed"},"content":{"rendered":"<p>[et_pb_section fb_built=\u00bb1&#8243; _builder_version=\u00bb4.25.0&#8243; _module_preset=\u00bbdefault\u00bb global_colors_info=\u00bb{}\u00bb][et_pb_row column_structure=\u00bb2_5,3_5&#8243; _builder_version=\u00bb4.25.0&#8243; _module_preset=\u00bbdefault\u00bb global_colors_info=\u00bb{}\u00bb][et_pb_column type=\u00bb2_5&#8243; _builder_version=\u00bb4.25.0&#8243; _module_preset=\u00bbdefault\u00bb global_colors_info=\u00bb{}\u00bb][et_pb_image src=\u00bbhttps:\/\/interiores.escuelaartegranada.com\/margaritaaguado\/wp-content\/uploads\/sites\/61\/2024\/04\/FOTO-PROFESIONAL-min.jpg\u00bb title_text=\u00bbFOTO-PROFESIONAL-min\u00bb _builder_version=\u00bb4.25.0&#8243; _module_preset=\u00bbdefault\u00bb global_colors_info=\u00bb{}\u00bb][\/et_pb_image][\/et_pb_column][et_pb_column type=\u00bb3_5&#8243; _builder_version=\u00bb4.25.0&#8243; _module_preset=\u00bbdefault\u00bb global_colors_info=\u00bb{}\u00bb][et_pb_text _builder_version=\u00bb4.25.0&#8243; _module_preset=\u00bbdefault\u00bb text_font=\u00bbHabibi||||||||\u00bb text_font_size=\u00bb16px\u00bb text_orientation=\u00bbjustified\u00bb global_colors_info=\u00bb{}\u00bb]<\/p>\n<p>\u00a1Hola! Soy <strong>Margarita Aguado<\/strong>, interiorista con amplia formaci\u00f3n en arquitectura. Estoy comprometida con la creaci\u00f3n de espacios que reflejen la personalidad y las necesidades \u00fanicas de los clientes.<\/p>\n<p>Durante mi a\u00f1o de <strong>experiencia trabajando en un estudio de arquitectura<\/strong> en Granada, tuve la oportunidad de sumergirme en el mundo profesional del dise\u00f1o y la construcci\u00f3n. Desarrollando proyectos de diversa escala y complejidad, adquir\u00ed conocimiento sobre los procesos creativos y t\u00e9cnicos involucrados en el dise\u00f1o de espacios. Aprend\u00ed a <strong>colaborar<\/strong> eficazmente con equipos multidisciplinarios y a <strong>comunicar ideas<\/strong> de manera clara. Esta experiencia me permiti\u00f3 una comprensi\u00f3n m\u00e1s completa de las necesidades y expectativas de los clientes en el sector.<\/p>\n<p>Estoy agradecida por el crecimiento profesional y personal que obtuve durante este tiempo, y me complacer\u00eda aplicar lo aprendido en futuros desaf\u00edos y proyectos de dise\u00f1o de interiores.<\/p>\n<p>Domino programas para la producci\u00f3n de planos detallados, modelado, renderizado y maquetaci\u00f3n como<strong> AutoCad<\/strong>, <strong>SketchUp<\/strong>, <strong>InDesign<\/strong>, <strong>Lumion<\/strong>, <strong>Photoshop<\/strong>, <strong>3D Max<\/strong>, <strong>Presto<\/strong>, <strong>Arqu\u00edmedes<\/strong> y <strong>Office<\/strong>.<span style=\"font-weight: 400\"><\/span><\/p>\n<p>[\/et_pb_text][et_pb_button button_url=\u00bbhttps:\/\/interiores.escuelaartegranada.com\/margaritaaguado\/wp-content\/uploads\/sites\/61\/2024\/09\/MARGARITA-AGUADO-SANCHEZ-CV.pdf\u00bb url_new_window=\u00bbon\u00bb button_text=\u00bbVer CV\u00bb button_alignment=\u00bbcenter\u00bb _builder_version=\u00bb4.25.0&#8243; _module_preset=\u00bbdefault\u00bb custom_button=\u00bbon\u00bb button_text_size=\u00bb19px\u00bb button_text_color=\u00bb#000000&#8243; button_border_width=\u00bb2px\u00bb button_border_color=\u00bb#0C71C3&#8243; button_border_radius=\u00bb23px\u00bb button_letter_spacing=\u00bb0px\u00bb button_font=\u00bb||||||||\u00bb button_icon=\u00bb&#x35;||divi||400&#8243; hover_enabled=\u00bb0&#8243; global_colors_info=\u00bb{}\u00bb sticky_enabled=\u00bb0&#8243;][\/et_pb_button][\/et_pb_column][\/et_pb_row][\/et_pb_section]<\/p>\n","protected":false},"excerpt":{"rendered":"<p>\u00a1Hola! Soy Margarita Aguado, interiorista con amplia formaci\u00f3n en arquitectura. Estoy comprometida con la creaci\u00f3n de espacios que reflejen la personalidad y las necesidades \u00fanicas de los clientes. Durante mi a\u00f1o de experiencia trabajando en un estudio de arquitectura en Granada, tuve la oportunidad de sumergirme en el mundo profesional del dise\u00f1o y la construcci\u00f3n. [&hellip;]<\/p>\n","protected":false},"author":60,"featured_media":0,"parent":0,"menu_order":0,"comment_status":"closed","ping_status":"closed","template":"","meta":{"_et_pb_use_builder":"on","_et_pb_old_content":"","_et_gb_content_width":"","footnotes":""},"class_list":["post-93","page","type-page","status-publish","hentry"],"yoast_head":"<!-- This site is optimized with the Yoast SEO plugin v24.5 - https:\/\/yoast.com\/wordpress\/plugins\/seo\/ -->\n<title>Sobre m\u00ed - Portfolio Margarita<\/title>\n<meta name=\"robots\" content=\"index, follow, max-snippet:-1, max-image-preview:large, max-video-preview:-1\" \/>\n<link rel=\"canonical\" href=\"https:\/\/interiores.escuelaartegranada.com\/margaritaaguado\/sobre-mi\/\" \/>\n<meta property=\"og:locale\" content=\"es_ES\" \/>\n<meta property=\"og:type\" content=\"article\" \/>\n<meta property=\"og:title\" content=\"Sobre m\u00ed - Portfolio Margarita\" \/>\n<meta property=\"og:description\" content=\"\u00a1Hola! Soy Margarita Aguado, interiorista con amplia formaci\u00f3n en arquitectura. Estoy comprometida con la creaci\u00f3n de espacios que reflejen la personalidad y las necesidades \u00fanicas de los clientes. Durante mi a\u00f1o de experiencia trabajando en un estudio de arquitectura en Granada, tuve la oportunidad de sumergirme en el mundo profesional del dise\u00f1o y la construcci\u00f3n. [&hellip;]\" \/>\n<meta property=\"og:url\" content=\"https:\/\/interiores.escuelaartegranada.com\/margaritaaguado\/sobre-mi\/\" \/>\n<meta property=\"og:site_name\" content=\"Portfolio Margarita\" \/>\n<meta property=\"article:modified_time\" content=\"2024-09-18T09:40:05+00:00\" \/>\n<meta name=\"twitter:card\" content=\"summary_large_image\" \/>\n<meta name=\"twitter:label1\" content=\"Tiempo de lectura\" \/>\n\t<meta name=\"twitter:data1\" content=\"1 minuto\" \/>\n<script type=\"application\/ld+json\" class=\"yoast-schema-graph\">{\"@context\":\"https:\/\/schema.org\",\"@graph\":[{\"@type\":\"WebPage\",\"@id\":\"https:\/\/interiores.escuelaartegranada.com\/margaritaaguado\/sobre-mi\/\",\"url\":\"https:\/\/interiores.escuelaartegranada.com\/margaritaaguado\/sobre-mi\/\",\"name\":\"Sobre m\u00ed - Portfolio Margarita\",\"isPartOf\":{\"@id\":\"https:\/\/interiores.escuelaartegranada.com\/margaritaaguado\/#website\"},\"datePublished\":\"2024-04-26T07:19:17+00:00\",\"dateModified\":\"2024-09-18T09:40:05+00:00\",\"breadcrumb\":{\"@id\":\"https:\/\/interiores.escuelaartegranada.com\/margaritaaguado\/sobre-mi\/#breadcrumb\"},\"inLanguage\":\"es\",\"potentialAction\":[{\"@type\":\"ReadAction\",\"target\":[\"https:\/\/interiores.escuelaartegranada.com\/margaritaaguado\/sobre-mi\/\"]}]},{\"@type\":\"BreadcrumbList\",\"@id\":\"https:\/\/interiores.escuelaartegranada.com\/margaritaaguado\/sobre-mi\/#breadcrumb\",\"itemListElement\":[{\"@type\":\"ListItem\",\"position\":1,\"name\":\"Portada\",\"item\":\"https:\/\/interiores.escuelaartegranada.com\/margaritaaguado\/\"},{\"@type\":\"ListItem\",\"position\":2,\"name\":\"Sobre m\u00ed\"}]},{\"@type\":\"WebSite\",\"@id\":\"https:\/\/interiores.escuelaartegranada.com\/margaritaaguado\/#website\",\"url\":\"https:\/\/interiores.escuelaartegranada.com\/margaritaaguado\/\",\"name\":\"Portfolio Margarita\",\"description\":\"\",\"potentialAction\":[{\"@type\":\"SearchAction\",\"target\":{\"@type\":\"EntryPoint\",\"urlTemplate\":\"https:\/\/interiores.escuelaartegranada.com\/margaritaaguado\/?s={search_term_string}\"},\"query-input\":{\"@type\":\"PropertyValueSpecification\",\"valueRequired\":true,\"valueName\":\"search_term_string\"}}],\"inLanguage\":\"es\"}]}<\/script>\n<!-- \/ Yoast SEO plugin. -->","yoast_head_json":{"title":"Sobre m\u00ed - Portfolio Margarita","robots":{"index":"index","follow":"follow","max-snippet":"max-snippet:-1","max-image-preview":"max-image-preview:large","max-video-preview":"max-video-preview:-1"},"canonical":"https:\/\/interiores.escuelaartegranada.com\/margaritaaguado\/sobre-mi\/","og_locale":"es_ES","og_type":"article","og_title":"Sobre m\u00ed - Portfolio Margarita","og_description":"\u00a1Hola! Soy Margarita Aguado, interiorista con amplia formaci\u00f3n en arquitectura. Estoy comprometida con la creaci\u00f3n de espacios que reflejen la personalidad y las necesidades \u00fanicas de los clientes. Durante mi a\u00f1o de experiencia trabajando en un estudio de arquitectura en Granada, tuve la oportunidad de sumergirme en el mundo profesional del dise\u00f1o y la construcci\u00f3n. [&hellip;]","og_url":"https:\/\/interiores.escuelaartegranada.com\/margaritaaguado\/sobre-mi\/","og_site_name":"Portfolio Margarita","article_modified_time":"2024-09-18T09:40:05+00:00","twitter_card":"summary_large_image","twitter_misc":{"Tiempo de lectura":"1 minuto"},"schema":{"@context":"https:\/\/schema.org","@graph":[{"@type":"WebPage","@id":"https:\/\/interiores.escuelaartegranada.com\/margaritaaguado\/sobre-mi\/","url":"https:\/\/interiores.escuelaartegranada.com\/margaritaaguado\/sobre-mi\/","name":"Sobre m\u00ed - Portfolio Margarita","isPartOf":{"@id":"https:\/\/interiores.escuelaartegranada.com\/margaritaaguado\/#website"},"datePublished":"2024-04-26T07:19:17+00:00","dateModified":"2024-09-18T09:40:05+00:00","breadcrumb":{"@id":"https:\/\/interiores.escuelaartegranada.com\/margaritaaguado\/sobre-mi\/#breadcrumb"},"inLanguage":"es","potentialAction":[{"@type":"ReadAction","target":["https:\/\/interiores.escuelaartegranada.com\/margaritaaguado\/sobre-mi\/"]}]},{"@type":"BreadcrumbList","@id":"https:\/\/interiores.escuelaartegranada.com\/margaritaaguado\/sobre-mi\/#breadcrumb","itemListElement":[{"@type":"ListItem","position":1,"name":"Portada","item":"https:\/\/interiores.escuelaartegranada.com\/margaritaaguado\/"},{"@type":"ListItem","position":2,"name":"Sobre m\u00ed"}]},{"@type":"WebSite","@id":"https:\/\/interiores.escuelaartegranada.com\/margaritaaguado\/#website","url":"https:\/\/interiores.escuelaartegranada.com\/margaritaaguado\/","name":"Portfolio Margarita","description":"","potentialAction":[{"@type":"SearchAction","target":{"@type":"EntryPoint","urlTemplate":"https:\/\/interiores.escuelaartegranada.com\/margaritaaguado\/?s={search_term_string}"},"query-input":{"@type":"PropertyValueSpecification","valueRequired":true,"valueName":"search_term_string"}}],"inLanguage":"es"}]}},"_links":{"self":[{"href":"https:\/\/interiores.escuelaartegranada.com\/margaritaaguado\/wp-json\/wp\/v2\/pages\/93","targetHints":{"allow":["GET"]}}],"collection":[{"href":"https:\/\/interiores.escuelaartegranada.com\/margaritaaguado\/wp-json\/wp\/v2\/pages"}],"about":[{"href":"https:\/\/interiores.escuelaartegranada.com\/margaritaaguado\/wp-json\/wp\/v2\/types\/page"}],"author":[{"embeddable":true,"href":"https:\/\/interiores.escuelaartegranada.com\/margaritaaguado\/wp-json\/wp\/v2\/users\/60"}],"replies":[{"embeddable":true,"href":"https:\/\/interiores.escuelaartegranada.com\/margaritaaguado\/wp-json\/wp\/v2\/comments?post=93"}],"version-history":[{"count":11,"href":"https:\/\/interiores.escuelaartegranada.com\/margaritaaguado\/wp-json\/wp\/v2\/pages\/93\/revisions"}],"predecessor-version":[{"id":515,"href":"https:\/\/interiores.escuelaartegranada.com\/margaritaaguado\/wp-json\/wp\/v2\/pages\/93\/revisions\/515"}],"wp:attachment":[{"href":"https:\/\/interiores.escuelaartegranada.com\/margaritaaguado\/wp-json\/wp\/v2\/media?parent=93"}],"curies":[{"name":"wp","href":"https:\/\/api.w.org\/{rel}","templated":true}]}}