{"id":77,"date":"2024-04-26T07:18:52","date_gmt":"2024-04-26T07:18:52","guid":{"rendered":"https:\/\/interiores.escuelaartegranada.com\/mariagarcia\/?page_id=77"},"modified":"2024-05-02T10:54:14","modified_gmt":"2024-05-02T10:54:14","slug":"sobre-mi","status":"publish","type":"page","link":"https:\/\/interiores.escuelaartegranada.com\/mariagarcia\/sobre-mi\/","title":{"rendered":"Sobre Mi"},"content":{"rendered":"<p>[et_pb_section fb_built=\u00bb1&#8243; _builder_version=\u00bb4.25.0&#8243; _module_preset=\u00bbdefault\u00bb global_colors_info=\u00bb{}\u00bb][et_pb_row column_structure=\u00bb2_5,3_5&#8243; _builder_version=\u00bb4.25.0&#8243; _module_preset=\u00bbdefault\u00bb hover_enabled=\u00bb0&#8243; global_colors_info=\u00bb{}\u00bb sticky_enabled=\u00bb0&#8243;][et_pb_column type=\u00bb2_5&#8243; _builder_version=\u00bb4.25.0&#8243; _module_preset=\u00bbdefault\u00bb global_colors_info=\u00bb{}\u00bb][et_pb_image src=\u00bbhttps:\/\/interiores.escuelaartegranada.com\/mariagarcia\/wp-content\/uploads\/sites\/67\/2024\/04\/imagn-web-3.1-1.jpg\u00bb title_text=\u00bbimagn web 3.1&#8243; _builder_version=\u00bb4.25.0&#8243; _module_preset=\u00bbdefault\u00bb global_colors_info=\u00bb{}\u00bb][\/et_pb_image][et_pb_text _builder_version=\u00bb4.25.0&#8243; _module_preset=\u00bbdefault\u00bb hover_enabled=\u00bb0&#8243; sticky_enabled=\u00bb0&#8243;]<\/p>\n<p style=\"text-align: center\">M\u00aa\u00c1ngeles Garc\u00eda Motos<\/p>\n<p>[\/et_pb_text][\/et_pb_column][et_pb_column type=\u00bb3_5&#8243; _builder_version=\u00bb4.25.0&#8243; _module_preset=\u00bbdefault\u00bb global_colors_info=\u00bb{}\u00bb][et_pb_text _builder_version=\u00bb4.25.0&#8243; _module_preset=\u00bbdefault\u00bb hover_enabled=\u00bb0&#8243; global_colors_info=\u00bb{}\u00bb sticky_enabled=\u00bb0&#8243; text_line_height=\u00bb1.6em\u00bb min_height=\u00bb606px\u00bb]<\/p>\n<p>Licenciada en Bellas Artes con una s\u00f3lida formaci\u00f3n en arte y cultura. Poseo una amplia experiencia en roles relacionados con la gesti\u00f3n cultural, la coordinaci\u00f3n de eventos, la atenci\u00f3n al cliente y domino el ingl\u00e9s e italiano. Mi trayectoria laboral incluye:<\/p>\n<ul>\n<li>Responsable de Oficina en Aluni, donde gestion\u00e9 la administraci\u00f3n de la oficina, coordin\u00e9 entre alumnos y propietarios de pisos, y evalu\u00e9 nuevas propiedades.<\/li>\n<li>Experiencia en la planificaci\u00f3n y organizaci\u00f3n de eventos y visitas guiadas en Patio de los Perfumes.<\/li>\n<li>Atenci\u00f3n al p\u00fablico en el proyecto Dobla de Oro del Patronato de la Alhambra y Generalife, donde adquir\u00ed habilidades en el control de aforos y la informaci\u00f3n al visitante.<\/li>\n<li>Colaboraci\u00f3n en la realizaci\u00f3n del Plan Director del Albaic\u00edn y gesti\u00f3n del Cuarto Real De Santo Domingo en el Ayuntamiento de Granada.<\/li>\n<li>Experiencia en turismo y gesti\u00f3n cultural en Play Granada, donde me encargu\u00e9 de la atenci\u00f3n al p\u00fablico, el control de aforos y la gesti\u00f3n de actividades culturales.<\/li>\n<li>Trabajo en la administraci\u00f3n y coordinaci\u00f3n de actividades culturales formativas en el Centro Mediterr\u00e1neo de la Universidad de Granada, donde tambi\u00e9n particip\u00e9 en an\u00e1lisis de proyectos y coordinaci\u00f3n de publicidad.<\/li>\n<li>Contrato en pr\u00e1cticas en el Departamento de Exposiciones de La F\u00e1brica, Gesti\u00f3n m\u00e1s Cultura, donde particip\u00e9 en la gesti\u00f3n y montaje de exposiciones y en la captaci\u00f3n de instituciones interesadas en exposiciones itinerantes.<\/li>\n<li>Pr\u00e1cticas para el Proyecto Leonardo da Vinci en el festival MarteLive en Parma, Italia, donde organic\u00e9 eventos y fui responsable del \u00e1rea de fotograf\u00eda.<\/li>\n<\/ul>\n<p>&nbsp;<\/p>\n<p>&nbsp;<\/p>\n<p>[\/et_pb_text][\/et_pb_column][\/et_pb_row][et_pb_row _builder_version=\u00bb4.25.0&#8243; _module_preset=\u00bbdefault\u00bb hover_enabled=\u00bb0&#8243; sticky_enabled=\u00bb0&#8243;][et_pb_column _builder_version=\u00bb4.25.0&#8243; _module_preset=\u00bbdefault\u00bb type=\u00bb4_4&#8243;][et_pb_text _builder_version=\u00bb4.25.0&#8243; _module_preset=\u00bbdefault\u00bb hover_enabled=\u00bb0&#8243; sticky_enabled=\u00bb0&#8243; custom_padding=\u00bb||8px|||\u00bb custom_margin=\u00bb-96px|||||\u00bb]<\/p>\n<p>Mi experiencia laboral previa, incluyendo roles en la coordinaci\u00f3n de proyectos, la administraci\u00f3n de oficinas y la atenci\u00f3n al cliente, me ha proporcionado habilidades transferibles que considero valiosas para el dise\u00f1o de interiores. He demostrado capacidad para organizar eventos, evaluar propiedades y gestionar relaciones entre diferentes partes, habilidades que pueden ser aplicadas en proyectos de dise\u00f1o.<\/p>\n<p>Aunque a\u00fan estoy en proceso de adquirir experiencia pr\u00e1ctica en dise\u00f1o de interiores, mi compromiso y entusiasmo por la disciplina me motivan a buscar oportunidades para aprender y crecer profesionalmente en este campo. Estoy dispuesto(a) a colaborar activamente en proyectos, aportar ideas frescas y creativas, y trabajar en equipo para alcanzar objetivos comunes.<\/p>\n<p>[\/et_pb_text][\/et_pb_column][\/et_pb_row][\/et_pb_section]<\/p>\n","protected":false},"excerpt":{"rendered":"<p>M\u00aa\u00c1ngeles Garc\u00eda MotosLicenciada en Bellas Artes con una s\u00f3lida formaci\u00f3n en arte y cultura. Poseo una amplia experiencia en roles relacionados con la gesti\u00f3n cultural, la coordinaci\u00f3n de eventos, la atenci\u00f3n al cliente y domino el ingl\u00e9s e italiano. Mi trayectoria laboral incluye: Responsable de Oficina en Aluni, donde gestion\u00e9 la administraci\u00f3n de la oficina, [&hellip;]<\/p>\n","protected":false},"author":66,"featured_media":0,"parent":0,"menu_order":0,"comment_status":"closed","ping_status":"closed","template":"","meta":{"_et_pb_use_builder":"on","_et_pb_old_content":"","_et_gb_content_width":"","footnotes":""},"class_list":["post-77","page","type-page","status-publish","hentry"],"yoast_head":"<!-- This site is optimized with the Yoast SEO plugin v24.5 - https:\/\/yoast.com\/wordpress\/plugins\/seo\/ -->\n<title>Sobre Mi - Portfolio Maria<\/title>\n<meta name=\"robots\" content=\"index, follow, max-snippet:-1, max-image-preview:large, max-video-preview:-1\" \/>\n<link rel=\"canonical\" href=\"https:\/\/interiores.escuelaartegranada.com\/mariagarcia\/sobre-mi\/\" \/>\n<meta property=\"og:locale\" content=\"es_ES\" \/>\n<meta property=\"og:type\" content=\"article\" \/>\n<meta property=\"og:title\" content=\"Sobre Mi - Portfolio Maria\" \/>\n<meta property=\"og:description\" content=\"M\u00aa\u00c1ngeles Garc\u00eda MotosLicenciada en Bellas Artes con una s\u00f3lida formaci\u00f3n en arte y cultura. Poseo una amplia experiencia en roles relacionados con la gesti\u00f3n cultural, la coordinaci\u00f3n de eventos, la atenci\u00f3n al cliente y domino el ingl\u00e9s e italiano. Mi trayectoria laboral incluye: Responsable de Oficina en Aluni, donde gestion\u00e9 la administraci\u00f3n de la oficina, [&hellip;]\" \/>\n<meta property=\"og:url\" content=\"https:\/\/interiores.escuelaartegranada.com\/mariagarcia\/sobre-mi\/\" \/>\n<meta property=\"og:site_name\" content=\"Portfolio Maria\" \/>\n<meta property=\"article:modified_time\" content=\"2024-05-02T10:54:14+00:00\" \/>\n<meta name=\"twitter:card\" content=\"summary_large_image\" \/>\n<meta name=\"twitter:label1\" content=\"Tiempo de lectura\" \/>\n\t<meta name=\"twitter:data1\" content=\"1 minuto\" \/>\n<script type=\"application\/ld+json\" class=\"yoast-schema-graph\">{\"@context\":\"https:\/\/schema.org\",\"@graph\":[{\"@type\":\"WebPage\",\"@id\":\"https:\/\/interiores.escuelaartegranada.com\/mariagarcia\/sobre-mi\/\",\"url\":\"https:\/\/interiores.escuelaartegranada.com\/mariagarcia\/sobre-mi\/\",\"name\":\"Sobre Mi - Portfolio Maria\",\"isPartOf\":{\"@id\":\"https:\/\/interiores.escuelaartegranada.com\/mariagarcia\/#website\"},\"datePublished\":\"2024-04-26T07:18:52+00:00\",\"dateModified\":\"2024-05-02T10:54:14+00:00\",\"breadcrumb\":{\"@id\":\"https:\/\/interiores.escuelaartegranada.com\/mariagarcia\/sobre-mi\/#breadcrumb\"},\"inLanguage\":\"es\",\"potentialAction\":[{\"@type\":\"ReadAction\",\"target\":[\"https:\/\/interiores.escuelaartegranada.com\/mariagarcia\/sobre-mi\/\"]}]},{\"@type\":\"BreadcrumbList\",\"@id\":\"https:\/\/interiores.escuelaartegranada.com\/mariagarcia\/sobre-mi\/#breadcrumb\",\"itemListElement\":[{\"@type\":\"ListItem\",\"position\":1,\"name\":\"Portada\",\"item\":\"https:\/\/interiores.escuelaartegranada.com\/mariagarcia\/\"},{\"@type\":\"ListItem\",\"position\":2,\"name\":\"Sobre Mi\"}]},{\"@type\":\"WebSite\",\"@id\":\"https:\/\/interiores.escuelaartegranada.com\/mariagarcia\/#website\",\"url\":\"https:\/\/interiores.escuelaartegranada.com\/mariagarcia\/\",\"name\":\"Portfolio Maria\",\"description\":\"\",\"potentialAction\":[{\"@type\":\"SearchAction\",\"target\":{\"@type\":\"EntryPoint\",\"urlTemplate\":\"https:\/\/interiores.escuelaartegranada.com\/mariagarcia\/?s={search_term_string}\"},\"query-input\":{\"@type\":\"PropertyValueSpecification\",\"valueRequired\":true,\"valueName\":\"search_term_string\"}}],\"inLanguage\":\"es\"}]}<\/script>\n<!-- \/ Yoast SEO plugin. -->","yoast_head_json":{"title":"Sobre Mi - Portfolio Maria","robots":{"index":"index","follow":"follow","max-snippet":"max-snippet:-1","max-image-preview":"max-image-preview:large","max-video-preview":"max-video-preview:-1"},"canonical":"https:\/\/interiores.escuelaartegranada.com\/mariagarcia\/sobre-mi\/","og_locale":"es_ES","og_type":"article","og_title":"Sobre Mi - Portfolio Maria","og_description":"M\u00aa\u00c1ngeles Garc\u00eda MotosLicenciada en Bellas Artes con una s\u00f3lida formaci\u00f3n en arte y cultura. Poseo una amplia experiencia en roles relacionados con la gesti\u00f3n cultural, la coordinaci\u00f3n de eventos, la atenci\u00f3n al cliente y domino el ingl\u00e9s e italiano. Mi trayectoria laboral incluye: Responsable de Oficina en Aluni, donde gestion\u00e9 la administraci\u00f3n de la oficina, [&hellip;]","og_url":"https:\/\/interiores.escuelaartegranada.com\/mariagarcia\/sobre-mi\/","og_site_name":"Portfolio Maria","article_modified_time":"2024-05-02T10:54:14+00:00","twitter_card":"summary_large_image","twitter_misc":{"Tiempo de lectura":"1 minuto"},"schema":{"@context":"https:\/\/schema.org","@graph":[{"@type":"WebPage","@id":"https:\/\/interiores.escuelaartegranada.com\/mariagarcia\/sobre-mi\/","url":"https:\/\/interiores.escuelaartegranada.com\/mariagarcia\/sobre-mi\/","name":"Sobre Mi - Portfolio Maria","isPartOf":{"@id":"https:\/\/interiores.escuelaartegranada.com\/mariagarcia\/#website"},"datePublished":"2024-04-26T07:18:52+00:00","dateModified":"2024-05-02T10:54:14+00:00","breadcrumb":{"@id":"https:\/\/interiores.escuelaartegranada.com\/mariagarcia\/sobre-mi\/#breadcrumb"},"inLanguage":"es","potentialAction":[{"@type":"ReadAction","target":["https:\/\/interiores.escuelaartegranada.com\/mariagarcia\/sobre-mi\/"]}]},{"@type":"BreadcrumbList","@id":"https:\/\/interiores.escuelaartegranada.com\/mariagarcia\/sobre-mi\/#breadcrumb","itemListElement":[{"@type":"ListItem","position":1,"name":"Portada","item":"https:\/\/interiores.escuelaartegranada.com\/mariagarcia\/"},{"@type":"ListItem","position":2,"name":"Sobre Mi"}]},{"@type":"WebSite","@id":"https:\/\/interiores.escuelaartegranada.com\/mariagarcia\/#website","url":"https:\/\/interiores.escuelaartegranada.com\/mariagarcia\/","name":"Portfolio Maria","description":"","potentialAction":[{"@type":"SearchAction","target":{"@type":"EntryPoint","urlTemplate":"https:\/\/interiores.escuelaartegranada.com\/mariagarcia\/?s={search_term_string}"},"query-input":{"@type":"PropertyValueSpecification","valueRequired":true,"valueName":"search_term_string"}}],"inLanguage":"es"}]}},"_links":{"self":[{"href":"https:\/\/interiores.escuelaartegranada.com\/mariagarcia\/wp-json\/wp\/v2\/pages\/77","targetHints":{"allow":["GET"]}}],"collection":[{"href":"https:\/\/interiores.escuelaartegranada.com\/mariagarcia\/wp-json\/wp\/v2\/pages"}],"about":[{"href":"https:\/\/interiores.escuelaartegranada.com\/mariagarcia\/wp-json\/wp\/v2\/types\/page"}],"author":[{"embeddable":true,"href":"https:\/\/interiores.escuelaartegranada.com\/mariagarcia\/wp-json\/wp\/v2\/users\/66"}],"replies":[{"embeddable":true,"href":"https:\/\/interiores.escuelaartegranada.com\/mariagarcia\/wp-json\/wp\/v2\/comments?post=77"}],"version-history":[{"count":5,"href":"https:\/\/interiores.escuelaartegranada.com\/mariagarcia\/wp-json\/wp\/v2\/pages\/77\/revisions"}],"predecessor-version":[{"id":138,"href":"https:\/\/interiores.escuelaartegranada.com\/mariagarcia\/wp-json\/wp\/v2\/pages\/77\/revisions\/138"}],"wp:attachment":[{"href":"https:\/\/interiores.escuelaartegranada.com\/mariagarcia\/wp-json\/wp\/v2\/media?parent=77"}],"curies":[{"name":"wp","href":"https:\/\/api.w.org\/{rel}","templated":true}]}}