{"id":9,"date":"2024-04-11T11:20:37","date_gmt":"2024-04-11T11:20:37","guid":{"rendered":"https:\/\/interiores.escuelaartegranada.com\/mariagarcia\/?page_id=9"},"modified":"2024-05-09T09:23:53","modified_gmt":"2024-05-09T09:23:53","slug":"diseno-de-interiores","status":"publish","type":"page","link":"https:\/\/interiores.escuelaartegranada.com\/mariagarcia\/","title":{"rendered":"Home"},"content":{"rendered":"<p>[et_pb_section fb_built=\u00bb1&#8243; fullwidth=\u00bbon\u00bb _builder_version=\u00bb4.24.3&#8243; _module_preset=\u00bbdefault\u00bb global_colors_info=\u00bb{}\u00bb][et_pb_fullwidth_slider use_bg_overlay=\u00bboff\u00bb use_text_overlay=\u00bboff\u00bb _builder_version=\u00bb4.25.0&#8243; _module_preset=\u00bbdefault\u00bb header_font=\u00bbAllerta Stencil||||||||\u00bb header_text_color=\u00bb#000000&#8243; header_font_size=\u00bb49px\u00bb body_font=\u00bbLato||||||||\u00bb body_text_color=\u00bb#000000&#8243; body_font_size=\u00bb17px\u00bb body_line_height=\u00bb1.8em\u00bb background_image=\u00bbhttps:\/\/interiores.escuelaartegranada.com\/mariagarcia\/wp-content\/uploads\/sites\/67\/2024\/04\/DECORACION.jpg\u00bb content_width=\u00bb77%\u00bb min_height=\u00bb1000px\u00bb global_colors_info=\u00bb{}\u00bb][et_pb_slide heading=\u00bbImagina. Dise\u00f1a. Vive\u00bb button_text=\u00bbLeer mas\u00bb use_bg_overlay=\u00bboff\u00bb use_text_overlay=\u00bbon\u00bb text_overlay_color=\u00bbrgba(255,190,152,0.82)\u00bb _builder_version=\u00bb4.25.0&#8243; _module_preset=\u00bbdefault\u00bb header_font=\u00bbPlayfair Display|600|||||||\u00bb background_color=\u00bb#7CDA24&#8243; background_enable_color=\u00bbon\u00bb global_colors_info=\u00bb{}\u00bb sticky_transition=\u00bbon\u00bb]<\/p>\n<p>Exploramos el arte de la imaginaci\u00f3n en cada rinc\u00f3n, fusionando creatividad y funcionalidad para dar vida a espacios \u00fanicos y cautivadores<\/p>\n<p>[\/et_pb_slide][\/et_pb_fullwidth_slider][\/et_pb_section][et_pb_section fb_built=\u00bb1&#8243; _builder_version=\u00bb4.24.3&#8243; _module_preset=\u00bbdefault\u00bb global_colors_info=\u00bb{}\u00bb][et_pb_row column_structure=\u00bb1_2,1_2&#8243; _builder_version=\u00bb4.24.3&#8243; _module_preset=\u00bbdefault\u00bb global_colors_info=\u00bb{}\u00bb][et_pb_column type=\u00bb1_2&#8243; _builder_version=\u00bb4.24.3&#8243; _module_preset=\u00bbdefault\u00bb global_colors_info=\u00bb{}\u00bb][et_pb_image src=\u00bbhttps:\/\/interiores.escuelaartegranada.com\/mariagarcia\/wp-content\/uploads\/sites\/67\/2024\/04\/imagn-web-3.1-1.jpg\u00bb title_text=\u00bbimagn web 3.1&#8243; _builder_version=\u00bb4.24.3&#8243; _module_preset=\u00bbdefault\u00bb width=\u00bb81%\u00bb module_alignment=\u00bbright\u00bb global_colors_info=\u00bb{}\u00bb][\/et_pb_image][\/et_pb_column][et_pb_column type=\u00bb1_2&#8243; _builder_version=\u00bb4.24.3&#8243; _module_preset=\u00bbdefault\u00bb global_colors_info=\u00bb{}\u00bb][et_pb_text _builder_version=\u00bb4.24.3&#8243; _module_preset=\u00bbdefault\u00bb max_width=\u00bb83%\u00bb custom_padding=\u00bb||0px|||\u00bb global_colors_info=\u00bb{}\u00bb]<\/p>\n<p><strong>Mariangeles Garc\u00eda Motos, <\/strong>licenciada en Bellas Artes por la universidad de Granada. Apasionada por cualquier expresi\u00f3n art\u00edstica y\u00a0 con una profunda fascinaci\u00f3n por la creaci\u00f3n de espacios que cautivan los sentidos y elevan el alma. Mi enfoque se centra en la exploraci\u00f3n de la composici\u00f3n, donde cada elemento se convierte en una nota en la sinfon\u00eda visual de un entorno habitable. A trav\u00e9s del uso experto del color, busco evocar emociones y crear atm\u00f3sferas que inspiren y sorprendan. Sin embargo, mi amor por la est\u00e9tica nunca eclipsa mi compromiso con la funcionalidad; cada dise\u00f1o que concibo est\u00e1 imbuido de soluciones inteligentes que mejoran la vida diaria de quienes lo habitan. En cada proyecto, busco fusionar la belleza art\u00edstica con la practicidad, creando as\u00ed espacios que no solo son visualmente impactantes, sino tambi\u00e9n verdaderamente habitables y acogedores<\/p>\n<p>[\/et_pb_text][\/et_pb_column][\/et_pb_row][\/et_pb_section][et_pb_section fb_built=\u00bb1&#8243; _builder_version=\u00bb4.24.3&#8243; _module_preset=\u00bbdefault\u00bb global_colors_info=\u00bb{}\u00bb][et_pb_row _builder_version=\u00bb4.24.3&#8243; _module_preset=\u00bbdefault\u00bb global_colors_info=\u00bb{}\u00bb][et_pb_column type=\u00bb4_4&#8243; _builder_version=\u00bb4.24.3&#8243; _module_preset=\u00bbdefault\u00bb global_colors_info=\u00bb{}\u00bb][et_pb_text _builder_version=\u00bb4.24.3&#8243; _module_preset=\u00bbdefault\u00bb global_colors_info=\u00bb{}\u00bb]<\/p>\n<h2 style=\"text-align: center\">Proyectos<\/h2>\n<p>[\/et_pb_text][\/et_pb_column][\/et_pb_row][et_pb_row _builder_version=\u00bb4.24.3&#8243; _module_preset=\u00bbdefault\u00bb global_colors_info=\u00bb{}\u00bb][et_pb_column type=\u00bb4_4&#8243; _builder_version=\u00bb4.24.3&#8243; _module_preset=\u00bbdefault\u00bb global_colors_info=\u00bb{}\u00bb][et_pb_portfolio fullwidth=\u00bboff\u00bb _builder_version=\u00bb4.25.0&#8243; _module_preset=\u00bbdefault\u00bb global_colors_info=\u00bb{}\u00bb][\/et_pb_portfolio][\/et_pb_column][\/et_pb_row][\/et_pb_section]<\/p>\n","protected":false},"excerpt":{"rendered":"<p>Exploramos el arte de la imaginaci\u00f3n en cada rinc\u00f3n, fusionando creatividad y funcionalidad para dar vida a espacios \u00fanicos y cautivadoresMariangeles Garc\u00eda Motos, licenciada en Bellas Artes por la universidad de Granada. Apasionada por cualquier expresi\u00f3n art\u00edstica y\u00a0 con una profunda fascinaci\u00f3n por la creaci\u00f3n de espacios que cautivan los sentidos y elevan el alma. [&hellip;]<\/p>\n","protected":false},"author":66,"featured_media":0,"parent":0,"menu_order":0,"comment_status":"closed","ping_status":"closed","template":"","meta":{"_et_pb_use_builder":"on","_et_pb_old_content":"","_et_gb_content_width":"","footnotes":""},"class_list":["post-9","page","type-page","status-publish","hentry"],"yoast_head":"<!-- This site is optimized with the Yoast SEO plugin v24.5 - https:\/\/yoast.com\/wordpress\/plugins\/seo\/ -->\n<title>Home - Portfolio Maria<\/title>\n<meta name=\"robots\" content=\"index, follow, max-snippet:-1, max-image-preview:large, max-video-preview:-1\" \/>\n<link rel=\"canonical\" href=\"https:\/\/interiores.escuelaartegranada.com\/mariagarcia\/\" \/>\n<meta property=\"og:locale\" content=\"es_ES\" \/>\n<meta property=\"og:type\" content=\"article\" \/>\n<meta property=\"og:title\" content=\"Home - Portfolio Maria\" \/>\n<meta property=\"og:description\" content=\"Exploramos el arte de la imaginaci\u00f3n en cada rinc\u00f3n, fusionando creatividad y funcionalidad para dar vida a espacios \u00fanicos y cautivadoresMariangeles Garc\u00eda Motos, licenciada en Bellas Artes por la universidad de Granada. Apasionada por cualquier expresi\u00f3n art\u00edstica y\u00a0 con una profunda fascinaci\u00f3n por la creaci\u00f3n de espacios que cautivan los sentidos y elevan el alma. [&hellip;]\" \/>\n<meta property=\"og:url\" content=\"https:\/\/interiores.escuelaartegranada.com\/mariagarcia\/\" \/>\n<meta property=\"og:site_name\" content=\"Portfolio Maria\" \/>\n<meta property=\"article:modified_time\" content=\"2024-05-09T09:23:53+00:00\" \/>\n<meta name=\"twitter:card\" content=\"summary_large_image\" \/>\n<meta name=\"twitter:label1\" content=\"Tiempo de lectura\" \/>\n\t<meta name=\"twitter:data1\" content=\"2 minutos\" \/>\n<script type=\"application\/ld+json\" class=\"yoast-schema-graph\">{\"@context\":\"https:\/\/schema.org\",\"@graph\":[{\"@type\":\"WebPage\",\"@id\":\"https:\/\/interiores.escuelaartegranada.com\/mariagarcia\/\",\"url\":\"https:\/\/interiores.escuelaartegranada.com\/mariagarcia\/\",\"name\":\"Home - Portfolio Maria\",\"isPartOf\":{\"@id\":\"https:\/\/interiores.escuelaartegranada.com\/mariagarcia\/#website\"},\"datePublished\":\"2024-04-11T11:20:37+00:00\",\"dateModified\":\"2024-05-09T09:23:53+00:00\",\"breadcrumb\":{\"@id\":\"https:\/\/interiores.escuelaartegranada.com\/mariagarcia\/#breadcrumb\"},\"inLanguage\":\"es\",\"potentialAction\":[{\"@type\":\"ReadAction\",\"target\":[\"https:\/\/interiores.escuelaartegranada.com\/mariagarcia\/\"]}]},{\"@type\":\"BreadcrumbList\",\"@id\":\"https:\/\/interiores.escuelaartegranada.com\/mariagarcia\/#breadcrumb\",\"itemListElement\":[{\"@type\":\"ListItem\",\"position\":1,\"name\":\"Portada\",\"item\":\"https:\/\/interiores.escuelaartegranada.com\/mariagarcia\/\"},{\"@type\":\"ListItem\",\"position\":2,\"name\":\"Home\"}]},{\"@type\":\"WebSite\",\"@id\":\"https:\/\/interiores.escuelaartegranada.com\/mariagarcia\/#website\",\"url\":\"https:\/\/interiores.escuelaartegranada.com\/mariagarcia\/\",\"name\":\"Portfolio Maria\",\"description\":\"\",\"potentialAction\":[{\"@type\":\"SearchAction\",\"target\":{\"@type\":\"EntryPoint\",\"urlTemplate\":\"https:\/\/interiores.escuelaartegranada.com\/mariagarcia\/?s={search_term_string}\"},\"query-input\":{\"@type\":\"PropertyValueSpecification\",\"valueRequired\":true,\"valueName\":\"search_term_string\"}}],\"inLanguage\":\"es\"}]}<\/script>\n<!-- \/ Yoast SEO plugin. -->","yoast_head_json":{"title":"Home - Portfolio Maria","robots":{"index":"index","follow":"follow","max-snippet":"max-snippet:-1","max-image-preview":"max-image-preview:large","max-video-preview":"max-video-preview:-1"},"canonical":"https:\/\/interiores.escuelaartegranada.com\/mariagarcia\/","og_locale":"es_ES","og_type":"article","og_title":"Home - Portfolio Maria","og_description":"Exploramos el arte de la imaginaci\u00f3n en cada rinc\u00f3n, fusionando creatividad y funcionalidad para dar vida a espacios \u00fanicos y cautivadoresMariangeles Garc\u00eda Motos, licenciada en Bellas Artes por la universidad de Granada. Apasionada por cualquier expresi\u00f3n art\u00edstica y\u00a0 con una profunda fascinaci\u00f3n por la creaci\u00f3n de espacios que cautivan los sentidos y elevan el alma. [&hellip;]","og_url":"https:\/\/interiores.escuelaartegranada.com\/mariagarcia\/","og_site_name":"Portfolio Maria","article_modified_time":"2024-05-09T09:23:53+00:00","twitter_card":"summary_large_image","twitter_misc":{"Tiempo de lectura":"2 minutos"},"schema":{"@context":"https:\/\/schema.org","@graph":[{"@type":"WebPage","@id":"https:\/\/interiores.escuelaartegranada.com\/mariagarcia\/","url":"https:\/\/interiores.escuelaartegranada.com\/mariagarcia\/","name":"Home - Portfolio Maria","isPartOf":{"@id":"https:\/\/interiores.escuelaartegranada.com\/mariagarcia\/#website"},"datePublished":"2024-04-11T11:20:37+00:00","dateModified":"2024-05-09T09:23:53+00:00","breadcrumb":{"@id":"https:\/\/interiores.escuelaartegranada.com\/mariagarcia\/#breadcrumb"},"inLanguage":"es","potentialAction":[{"@type":"ReadAction","target":["https:\/\/interiores.escuelaartegranada.com\/mariagarcia\/"]}]},{"@type":"BreadcrumbList","@id":"https:\/\/interiores.escuelaartegranada.com\/mariagarcia\/#breadcrumb","itemListElement":[{"@type":"ListItem","position":1,"name":"Portada","item":"https:\/\/interiores.escuelaartegranada.com\/mariagarcia\/"},{"@type":"ListItem","position":2,"name":"Home"}]},{"@type":"WebSite","@id":"https:\/\/interiores.escuelaartegranada.com\/mariagarcia\/#website","url":"https:\/\/interiores.escuelaartegranada.com\/mariagarcia\/","name":"Portfolio Maria","description":"","potentialAction":[{"@type":"SearchAction","target":{"@type":"EntryPoint","urlTemplate":"https:\/\/interiores.escuelaartegranada.com\/mariagarcia\/?s={search_term_string}"},"query-input":{"@type":"PropertyValueSpecification","valueRequired":true,"valueName":"search_term_string"}}],"inLanguage":"es"}]}},"_links":{"self":[{"href":"https:\/\/interiores.escuelaartegranada.com\/mariagarcia\/wp-json\/wp\/v2\/pages\/9","targetHints":{"allow":["GET"]}}],"collection":[{"href":"https:\/\/interiores.escuelaartegranada.com\/mariagarcia\/wp-json\/wp\/v2\/pages"}],"about":[{"href":"https:\/\/interiores.escuelaartegranada.com\/mariagarcia\/wp-json\/wp\/v2\/types\/page"}],"author":[{"embeddable":true,"href":"https:\/\/interiores.escuelaartegranada.com\/mariagarcia\/wp-json\/wp\/v2\/users\/66"}],"replies":[{"embeddable":true,"href":"https:\/\/interiores.escuelaartegranada.com\/mariagarcia\/wp-json\/wp\/v2\/comments?post=9"}],"version-history":[{"count":33,"href":"https:\/\/interiores.escuelaartegranada.com\/mariagarcia\/wp-json\/wp\/v2\/pages\/9\/revisions"}],"predecessor-version":[{"id":130,"href":"https:\/\/interiores.escuelaartegranada.com\/mariagarcia\/wp-json\/wp\/v2\/pages\/9\/revisions\/130"}],"wp:attachment":[{"href":"https:\/\/interiores.escuelaartegranada.com\/mariagarcia\/wp-json\/wp\/v2\/media?parent=9"}],"curies":[{"name":"wp","href":"https:\/\/api.w.org\/{rel}","templated":true}]}}