{"id":42,"date":"2025-04-01T10:34:09","date_gmt":"2025-04-01T08:34:09","guid":{"rendered":"https:\/\/interiores.escuelaartegranada.com\/patriciamorillas\/?page_id=42"},"modified":"2025-05-06T10:39:44","modified_gmt":"2025-05-06T08:39:44","slug":"pagina-de-inicio","status":"publish","type":"page","link":"https:\/\/interiores.escuelaartegranada.com\/patriciamorillas\/","title":{"rendered":"P\u00e1gina de inicio"},"content":{"rendered":"<p>[et_pb_section fb_built=\u00bb1&#8243; _builder_version=\u00bb4.27.4&#8243; _module_preset=\u00bbdefault\u00bb background_image=\u00bbhttps:\/\/interiores.escuelaartegranada.com\/patriciamorillas\/wp-content\/uploads\/sites\/81\/2025\/04\/Sin-titulo-1.png\u00bb width=\u00bb100%\u00bb max_width=\u00bb95%\u00bb module_alignment=\u00bbcenter\u00bb min_height=\u00bb452.4px\u00bb height=\u00bb202px\u00bb max_height=\u00bb1000px\u00bb custom_margin=\u00bb||-29px|||\u00bb custom_padding=\u00bb||88px|||\u00bb global_colors_info=\u00bb{}\u00bb][\/et_pb_section][et_pb_section fb_built=\u00bb1&#8243; _builder_version=\u00bb4.27.4&#8243; _module_preset=\u00bbdefault\u00bb module_alignment=\u00bbcenter\u00bb min_height=\u00bb100px\u00bb height=\u00bb100px\u00bb max_height=\u00bb100px\u00bb global_colors_info=\u00bb{}\u00bb][et_pb_row _builder_version=\u00bb4.27.4&#8243; _module_preset=\u00bbdefault\u00bb global_colors_info=\u00bb{}\u00bb][et_pb_column type=\u00bb4_4&#8243; _builder_version=\u00bb4.27.4&#8243; _module_preset=\u00bbdefault\u00bb global_colors_info=\u00bb{}\u00bb][et_pb_text _builder_version=\u00bb4.27.4&#8243; _module_preset=\u00bbdefault\u00bb text_font=\u00bbPrata||||||||\u00bb text_text_color=\u00bb#2A2F45&#8243; text_font_size=\u00bb20px\u00bb text_line_height=\u00bb1em\u00bb hover_enabled=\u00bb0&#8243; global_colors_info=\u00bb{}\u00bb text_font_size_last_edited=\u00bbon|phone\u00bb text_font_size_phone=\u00bb14px\u00bb sticky_enabled=\u00bb0&#8243; text_font_size_tablet=\u00bb20px\u00bb]<\/p>\n<p style=\"text-align: center\">\u00abLos detalles no son los detalles. Son el dise\u00f1o\u00bb &#8211;<\/p>\n<p style=\"text-align: center\"><strong>Charles Eames, dise\u00f1ador y arquitecto.\u00a0<\/strong><\/p>\n<p>[\/et_pb_text][\/et_pb_column][\/et_pb_row][\/et_pb_section][et_pb_section fb_built=\u00bb1&#8243; _builder_version=\u00bb4.27.4&#8243; _module_preset=\u00bbdefault\u00bb global_colors_info=\u00bb{}\u00bb][et_pb_row column_structure=\u00bb1_2,1_2&#8243; _builder_version=\u00bb4.27.4&#8243; _module_preset=\u00bbdefault\u00bb global_colors_info=\u00bb{}\u00bb][et_pb_column type=\u00bb1_2&#8243; _builder_version=\u00bb4.27.4&#8243; _module_preset=\u00bbdefault\u00bb global_colors_info=\u00bb{}\u00bb][et_pb_image src=\u00bbhttps:\/\/interiores.escuelaartegranada.com\/patriciamorillas\/wp-content\/uploads\/sites\/81\/2025\/04\/1.jpg\u00bb title_text=\u00bbScreenshot\u00bb _builder_version=\u00bb4.27.4&#8243; _module_preset=\u00bbdefault\u00bb global_colors_info=\u00bb{}\u00bb][\/et_pb_image][\/et_pb_column][et_pb_column type=\u00bb1_2&#8243; _builder_version=\u00bb4.27.4&#8243; _module_preset=\u00bbdefault\u00bb global_colors_info=\u00bb{}\u00bb][et_pb_image src=\u00bbhttps:\/\/interiores.escuelaartegranada.com\/patriciamorillas\/wp-content\/uploads\/sites\/81\/2025\/04\/3.jpg\u00bb title_text=\u00bb3&#8243; _builder_version=\u00bb4.27.4&#8243; _module_preset=\u00bbdefault\u00bb global_colors_info=\u00bb{}\u00bb][\/et_pb_image][\/et_pb_column][\/et_pb_row][et_pb_row _builder_version=\u00bb4.27.4&#8243; _module_preset=\u00bbdefault\u00bb global_colors_info=\u00bb{}\u00bb][et_pb_column type=\u00bb4_4&#8243; _builder_version=\u00bb4.27.4&#8243; _module_preset=\u00bbdefault\u00bb global_colors_info=\u00bb{}\u00bb][et_pb_image src=\u00bbhttps:\/\/interiores.escuelaartegranada.com\/patriciamorillas\/wp-content\/uploads\/sites\/81\/2025\/04\/2.png\u00bb title_text=\u00bb2&#8243; align=\u00bbcenter\u00bb _builder_version=\u00bb4.27.4&#8243; _module_preset=\u00bbdefault\u00bb width=\u00bb100%\u00bb max_width=\u00bb100%\u00bb module_alignment=\u00bbcenter\u00bb min_height=\u00bb576px\u00bb height=\u00bb247px\u00bb max_height=\u00bb1000px\u00bb hover_enabled=\u00bb0&#8243; global_colors_info=\u00bb{}\u00bb min_height_last_edited=\u00bbon|desktop\u00bb min_height_phone=\u00bb100px\u00bb sticky_enabled=\u00bb0&#8243; min_height_tablet=\u00bb576px\u00bb][\/et_pb_image][et_pb_image src=\u00bbhttps:\/\/interiores.escuelaartegranada.com\/patriciamorillas\/wp-content\/uploads\/sites\/81\/2025\/04\/4-1.png\u00bb title_text=\u00bb4&#8243; _builder_version=\u00bb4.27.4&#8243; _module_preset=\u00bbdefault\u00bb global_colors_info=\u00bb{}\u00bb][\/et_pb_image][\/et_pb_column][\/et_pb_row][\/et_pb_section][et_pb_section fb_built=\u00bb1&#8243; _builder_version=\u00bb4.27.4&#8243; _module_preset=\u00bbdefault\u00bb global_colors_info=\u00bb{}\u00bb][et_pb_row column_structure=\u00bb1_2,1_2&#8243; _builder_version=\u00bb4.27.4&#8243; _module_preset=\u00bbdefault\u00bb global_colors_info=\u00bb{}\u00bb][et_pb_column type=\u00bb1_2&#8243; _builder_version=\u00bb4.27.4&#8243; _module_preset=\u00bbdefault\u00bb global_colors_info=\u00bb{}\u00bb][et_pb_text _builder_version=\u00bb4.27.4&#8243; _module_preset=\u00bbdefault\u00bb text_font=\u00bbPrata||||||||\u00bb text_text_color=\u00bb#2a2f45&#8243; hover_enabled=\u00bb0&#8243; global_colors_info=\u00bb{}\u00bb sticky_enabled=\u00bb0&#8243;]<\/p>\n<p data-start=\"218\" data-end=\"472\" class=\"\">Bienvenidos a <strong data-start=\"221\" data-end=\"248\">PM Interiores, <\/strong>donde cada espacio tiene el potencial de ser algo \u00fanico.<\/p>\n<p data-start=\"474\" data-end=\"893\" class=\"\">El dise\u00f1o es m\u00e1s que lo que se ve: se trata de lo que se siente, de crear atm\u00f3sferas que inspiren y conecten. En PM ponemos un enfoque especial en los detalles. Cada elecci\u00f3n est\u00e1 pensada para reflejar la personalidad de los clientes y hacer que se sientan c\u00f3modos y en armon\u00eda con su entorno.<\/p>\n<p data-start=\"895\" data-end=\"1170\" class=\"\">Ya sea que busques redise\u00f1ar tu hogar, tu oficina o un espacio comercial, <strong data-start=\"969\" data-end=\"996\">PM Interiores<\/strong> ofrece soluciones personalizadas para satisfacer tus necesidades espec\u00edficas. Cada proyecto es \u00fanico y, como tal, se adapta a la visi\u00f3n y estilo de vida de quienes lo viven.<\/p>\n<p data-start=\"1172\" data-end=\"1278\" class=\"\">Descubre c\u00f3mo <strong data-start=\"1186\" data-end=\"1213\">PM Interiores<\/strong> puede ayudarte a transformar tu espacio en un lugar que inspire.<\/p>\n<p data-start=\"1280\" data-end=\"1327\" class=\"\">\ud83d\udce9 <strong data-start=\"1283\" data-end=\"1298\">Cont\u00e1ctanos<\/strong> para empezar a crear juntos.<\/p>\n<p data-start=\"279\" data-end=\"559\" class=\"\">[\/et_pb_text][\/et_pb_column][et_pb_column type=\u00bb1_2&#8243; _builder_version=\u00bb4.27.4&#8243; _module_preset=\u00bbdefault\u00bb global_colors_info=\u00bb{}\u00bb][et_pb_image src=\u00bbhttps:\/\/interiores.escuelaartegranada.com\/patriciamorillas\/wp-content\/uploads\/sites\/81\/2025\/04\/Captura-de-pantalla-2025-04-04-a-las-1.39.45.png\u00bb title_text=\u00bbCaptura de pantalla 2025-04-04 a las 1.39.45&#8243; _builder_version=\u00bb4.27.4&#8243; _module_preset=\u00bbdefault\u00bb global_colors_info=\u00bb{}\u00bb][\/et_pb_image][\/et_pb_column][\/et_pb_row][\/et_pb_section][et_pb_section fb_built=\u00bb1&#8243; _builder_version=\u00bb4.27.4&#8243; _module_preset=\u00bbdefault\u00bb hover_enabled=\u00bb0&#8243; global_colors_info=\u00bb{}\u00bb background_color=\u00bbRGBA(255,255,255,0)\u00bb sticky_enabled=\u00bb0&#8243;][et_pb_row _builder_version=\u00bb4.27.4&#8243; _module_preset=\u00bbdefault\u00bb hover_enabled=\u00bb0&#8243; global_colors_info=\u00bb{}\u00bb background_color=\u00bbRGBA(255,255,255,0)\u00bb sticky_enabled=\u00bb0&#8243; width=\u00bb100%\u00bb module_alignment=\u00bbcenter\u00bb border_radii=\u00bbon|10px|10px|10px|10px\u00bb][et_pb_column type=\u00bb4_4&#8243; _builder_version=\u00bb4.27.4&#8243; _module_preset=\u00bbdefault\u00bb global_colors_info=\u00bb{}\u00bb][et_pb_filterable_portfolio _builder_version=\u00bb4.27.4&#8243; _module_preset=\u00bbdefault\u00bb hover_enabled=\u00bb0&#8243; global_colors_info=\u00bb{}\u00bb fullwidth=\u00bboff\u00bb sticky_enabled=\u00bb0&#8243; title_font=\u00bbPrata||||||||\u00bb title_text_color=\u00bb#2a2f45&#8243; text_orientation=\u00bbcenter\u00bb filter_font=\u00bbRaleway||||||||\u00bb filter_text_color=\u00bb#2a2f45&#8243; caption_font=\u00bbRaleway||||||||\u00bb caption_text_color=\u00bb#2a2f45&#8243;][\/et_pb_filterable_portfolio][\/et_pb_column][\/et_pb_row][\/et_pb_section]<\/p>\n","protected":false},"excerpt":{"rendered":"<p>\u00abLos detalles no son los detalles. Son el dise\u00f1o\u00bb &#8211; Charles Eames, dise\u00f1ador y arquitecto.\u00a0Bienvenidos a PM Interiores, donde cada espacio tiene el potencial de ser algo \u00fanico. El dise\u00f1o es m\u00e1s que lo que se ve: se trata de lo que se siente, de crear atm\u00f3sferas que inspiren y conecten. En PM ponemos un [&hellip;]<\/p>\n","protected":false},"author":80,"featured_media":0,"parent":0,"menu_order":0,"comment_status":"closed","ping_status":"closed","template":"","meta":{"_et_pb_use_builder":"on","_et_pb_old_content":"","_et_gb_content_width":"","footnotes":""},"class_list":["post-42","page","type-page","status-publish","hentry"],"yoast_head":"<!-- This site is optimized with the Yoast SEO plugin v24.5 - https:\/\/yoast.com\/wordpress\/plugins\/seo\/ -->\n<title>P\u00e1gina de inicio - Patricia Morillas Portfolio<\/title>\n<meta name=\"robots\" content=\"index, follow, max-snippet:-1, max-image-preview:large, max-video-preview:-1\" \/>\n<link rel=\"canonical\" href=\"https:\/\/interiores.escuelaartegranada.com\/patriciamorillas\/\" \/>\n<meta property=\"og:locale\" content=\"es_ES\" \/>\n<meta property=\"og:type\" content=\"article\" \/>\n<meta property=\"og:title\" content=\"P\u00e1gina de inicio - Patricia Morillas Portfolio\" \/>\n<meta property=\"og:description\" content=\"&quot;Los detalles no son los detalles. Son el dise\u00f1o&quot; - Charles Eames, dise\u00f1ador y arquitecto.\u00a0Bienvenidos a PM Interiores, donde cada espacio tiene el potencial de ser algo \u00fanico. El dise\u00f1o es m\u00e1s que lo que se ve: se trata de lo que se siente, de crear atm\u00f3sferas que inspiren y conecten. En PM ponemos un [&hellip;]\" \/>\n<meta property=\"og:url\" content=\"https:\/\/interiores.escuelaartegranada.com\/patriciamorillas\/\" \/>\n<meta property=\"og:site_name\" content=\"Patricia Morillas Portfolio\" \/>\n<meta property=\"article:modified_time\" content=\"2025-05-06T08:39:44+00:00\" \/>\n<meta name=\"twitter:card\" content=\"summary_large_image\" \/>\n<meta name=\"twitter:label1\" content=\"Tiempo de lectura\" \/>\n\t<meta name=\"twitter:data1\" content=\"3 minutos\" \/>\n<script type=\"application\/ld+json\" class=\"yoast-schema-graph\">{\"@context\":\"https:\/\/schema.org\",\"@graph\":[{\"@type\":\"WebPage\",\"@id\":\"https:\/\/interiores.escuelaartegranada.com\/patriciamorillas\/\",\"url\":\"https:\/\/interiores.escuelaartegranada.com\/patriciamorillas\/\",\"name\":\"P\u00e1gina de inicio - Patricia Morillas Portfolio\",\"isPartOf\":{\"@id\":\"https:\/\/interiores.escuelaartegranada.com\/patriciamorillas\/#website\"},\"datePublished\":\"2025-04-01T08:34:09+00:00\",\"dateModified\":\"2025-05-06T08:39:44+00:00\",\"breadcrumb\":{\"@id\":\"https:\/\/interiores.escuelaartegranada.com\/patriciamorillas\/#breadcrumb\"},\"inLanguage\":\"es\",\"potentialAction\":[{\"@type\":\"ReadAction\",\"target\":[\"https:\/\/interiores.escuelaartegranada.com\/patriciamorillas\/\"]}]},{\"@type\":\"BreadcrumbList\",\"@id\":\"https:\/\/interiores.escuelaartegranada.com\/patriciamorillas\/#breadcrumb\",\"itemListElement\":[{\"@type\":\"ListItem\",\"position\":1,\"name\":\"Portada\",\"item\":\"https:\/\/interiores.escuelaartegranada.com\/patriciamorillas\/\"},{\"@type\":\"ListItem\",\"position\":2,\"name\":\"P\u00e1gina de inicio\"}]},{\"@type\":\"WebSite\",\"@id\":\"https:\/\/interiores.escuelaartegranada.com\/patriciamorillas\/#website\",\"url\":\"https:\/\/interiores.escuelaartegranada.com\/patriciamorillas\/\",\"name\":\"Patricia Morillas Portfolio\",\"description\":\"\",\"potentialAction\":[{\"@type\":\"SearchAction\",\"target\":{\"@type\":\"EntryPoint\",\"urlTemplate\":\"https:\/\/interiores.escuelaartegranada.com\/patriciamorillas\/?s={search_term_string}\"},\"query-input\":{\"@type\":\"PropertyValueSpecification\",\"valueRequired\":true,\"valueName\":\"search_term_string\"}}],\"inLanguage\":\"es\"}]}<\/script>\n<!-- \/ Yoast SEO plugin. -->","yoast_head_json":{"title":"P\u00e1gina de inicio - Patricia Morillas Portfolio","robots":{"index":"index","follow":"follow","max-snippet":"max-snippet:-1","max-image-preview":"max-image-preview:large","max-video-preview":"max-video-preview:-1"},"canonical":"https:\/\/interiores.escuelaartegranada.com\/patriciamorillas\/","og_locale":"es_ES","og_type":"article","og_title":"P\u00e1gina de inicio - Patricia Morillas Portfolio","og_description":"\"Los detalles no son los detalles. Son el dise\u00f1o\" - Charles Eames, dise\u00f1ador y arquitecto.\u00a0Bienvenidos a PM Interiores, donde cada espacio tiene el potencial de ser algo \u00fanico. El dise\u00f1o es m\u00e1s que lo que se ve: se trata de lo que se siente, de crear atm\u00f3sferas que inspiren y conecten. En PM ponemos un [&hellip;]","og_url":"https:\/\/interiores.escuelaartegranada.com\/patriciamorillas\/","og_site_name":"Patricia Morillas Portfolio","article_modified_time":"2025-05-06T08:39:44+00:00","twitter_card":"summary_large_image","twitter_misc":{"Tiempo de lectura":"3 minutos"},"schema":{"@context":"https:\/\/schema.org","@graph":[{"@type":"WebPage","@id":"https:\/\/interiores.escuelaartegranada.com\/patriciamorillas\/","url":"https:\/\/interiores.escuelaartegranada.com\/patriciamorillas\/","name":"P\u00e1gina de inicio - Patricia Morillas Portfolio","isPartOf":{"@id":"https:\/\/interiores.escuelaartegranada.com\/patriciamorillas\/#website"},"datePublished":"2025-04-01T08:34:09+00:00","dateModified":"2025-05-06T08:39:44+00:00","breadcrumb":{"@id":"https:\/\/interiores.escuelaartegranada.com\/patriciamorillas\/#breadcrumb"},"inLanguage":"es","potentialAction":[{"@type":"ReadAction","target":["https:\/\/interiores.escuelaartegranada.com\/patriciamorillas\/"]}]},{"@type":"BreadcrumbList","@id":"https:\/\/interiores.escuelaartegranada.com\/patriciamorillas\/#breadcrumb","itemListElement":[{"@type":"ListItem","position":1,"name":"Portada","item":"https:\/\/interiores.escuelaartegranada.com\/patriciamorillas\/"},{"@type":"ListItem","position":2,"name":"P\u00e1gina de inicio"}]},{"@type":"WebSite","@id":"https:\/\/interiores.escuelaartegranada.com\/patriciamorillas\/#website","url":"https:\/\/interiores.escuelaartegranada.com\/patriciamorillas\/","name":"Patricia Morillas Portfolio","description":"","potentialAction":[{"@type":"SearchAction","target":{"@type":"EntryPoint","urlTemplate":"https:\/\/interiores.escuelaartegranada.com\/patriciamorillas\/?s={search_term_string}"},"query-input":{"@type":"PropertyValueSpecification","valueRequired":true,"valueName":"search_term_string"}}],"inLanguage":"es"}]}},"_links":{"self":[{"href":"https:\/\/interiores.escuelaartegranada.com\/patriciamorillas\/wp-json\/wp\/v2\/pages\/42","targetHints":{"allow":["GET"]}}],"collection":[{"href":"https:\/\/interiores.escuelaartegranada.com\/patriciamorillas\/wp-json\/wp\/v2\/pages"}],"about":[{"href":"https:\/\/interiores.escuelaartegranada.com\/patriciamorillas\/wp-json\/wp\/v2\/types\/page"}],"author":[{"embeddable":true,"href":"https:\/\/interiores.escuelaartegranada.com\/patriciamorillas\/wp-json\/wp\/v2\/users\/80"}],"replies":[{"embeddable":true,"href":"https:\/\/interiores.escuelaartegranada.com\/patriciamorillas\/wp-json\/wp\/v2\/comments?post=42"}],"version-history":[{"count":27,"href":"https:\/\/interiores.escuelaartegranada.com\/patriciamorillas\/wp-json\/wp\/v2\/pages\/42\/revisions"}],"predecessor-version":[{"id":319,"href":"https:\/\/interiores.escuelaartegranada.com\/patriciamorillas\/wp-json\/wp\/v2\/pages\/42\/revisions\/319"}],"wp:attachment":[{"href":"https:\/\/interiores.escuelaartegranada.com\/patriciamorillas\/wp-json\/wp\/v2\/media?parent=42"}],"curies":[{"name":"wp","href":"https:\/\/api.w.org\/{rel}","templated":true}]}}