{"id":77,"date":"2025-04-01T10:40:13","date_gmt":"2025-04-01T08:40:13","guid":{"rendered":"https:\/\/interiores.escuelaartegranada.com\/patriciamorillas\/?page_id=77"},"modified":"2025-05-06T10:48:32","modified_gmt":"2025-05-06T08:48:32","slug":"sobre-mi","status":"publish","type":"page","link":"https:\/\/interiores.escuelaartegranada.com\/patriciamorillas\/sobre-mi\/","title":{"rendered":"Sobre m\u00ed"},"content":{"rendered":"<p>[et_pb_section fb_built=\u00bb1&#8243; _builder_version=\u00bb4.27.4&#8243; _module_preset=\u00bbdefault\u00bb custom_margin=\u00bb||-40px||false|false\u00bb custom_padding=\u00bb||0px||false|false\u00bb global_colors_info=\u00bb{}\u00bb][et_pb_row _builder_version=\u00bb4.27.4&#8243; _module_preset=\u00bbdefault\u00bb global_colors_info=\u00bb{}\u00bb][et_pb_column type=\u00bb4_4&#8243; _builder_version=\u00bb4.27.4&#8243; _module_preset=\u00bbdefault\u00bb global_colors_info=\u00bb{}\u00bb][et_pb_text _builder_version=\u00bb4.27.4&#8243; _module_preset=\u00bbdefault\u00bb text_font=\u00bb||||||||\u00bb header_2_font=\u00bbPrata||||||||\u00bb header_2_text_color=\u00bb#2a2f45&#8243; header_2_font_size=\u00bb49px\u00bb global_colors_info=\u00bb{}\u00bb]<\/p>\n<h2 style=\"text-align: center\">Patricia Morillas<\/h2>\n<p>[\/et_pb_text][\/et_pb_column][\/et_pb_row][\/et_pb_section][et_pb_section fb_built=\u00bb1&#8243; _builder_version=\u00bb4.27.4&#8243; _module_preset=\u00bbdefault\u00bb custom_margin=\u00bb19px||||false|false\u00bb global_colors_info=\u00bb{}\u00bb][et_pb_row column_structure=\u00bb2_5,3_5&#8243; _builder_version=\u00bb4.27.4&#8243; _module_preset=\u00bbdefault\u00bb global_colors_info=\u00bb{}\u00bb][et_pb_column type=\u00bb2_5&#8243; _builder_version=\u00bb4.27.4&#8243; _module_preset=\u00bbdefault\u00bb global_colors_info=\u00bb{}\u00bb][et_pb_image src=\u00bbhttps:\/\/interiores.escuelaartegranada.com\/patriciamorillas\/wp-content\/uploads\/sites\/81\/2025\/04\/Sin-titulo-1-1.png\u00bb title_text=\u00bbSin-ti\u0301tulo-1&#8243; _builder_version=\u00bb4.27.4&#8243; _module_preset=\u00bbdefault\u00bb custom_margin=\u00bb-35px||||false|false\u00bb global_colors_info=\u00bb{}\u00bb][\/et_pb_image][\/et_pb_column][et_pb_column type=\u00bb3_5&#8243; _builder_version=\u00bb4.27.4&#8243; _module_preset=\u00bbdefault\u00bb global_colors_info=\u00bb{}\u00bb][et_pb_text _builder_version=\u00bb4.27.4&#8243; _module_preset=\u00bbdefault\u00bb text_font=\u00bbRaleway|||on|||||\u00bb text_text_color=\u00bb#2a2f45&#8243; text_font_size=\u00bb21px\u00bb text_orientation=\u00bbcenter\u00bb custom_margin=\u00bb-34px||||false|false\u00bb custom_margin_tablet=\u00bb-34px||||false|false\u00bb custom_margin_phone=\u00bb3px||||false|false\u00bb custom_margin_last_edited=\u00bbon|phone\u00bb global_colors_info=\u00bb{}\u00bb]<\/p>\n<p>PM<\/p>\n<p>[\/et_pb_text][et_pb_text _builder_version=\u00bb4.27.4&#8243; _module_preset=\u00bbdefault\u00bb text_font=\u00bbPrata||||||||\u00bb text_text_color=\u00bb#2a2f45&#8243; global_colors_info=\u00bb{}\u00bb]<\/p>\n<p data-start=\"104\" data-end=\"176\" class=\"\" style=\"text-align: justify\"><strong data-start=\"104\" data-end=\"174\">\u00abLos detalles no son los detalles. Son el dise\u00f1o.\u00bb \u2013 Charles Eames<\/strong><\/p>\n<p data-start=\"245\" data-end=\"512\" class=\"\">El dise\u00f1o de interiores va m\u00e1s all\u00e1 de lo est\u00e9tico; es la creaci\u00f3n de atm\u00f3sferas que evocan emociones y reflejan la esencia de quienes las habitan. Cada espacio cuenta una historia, y mi trabajo es dar forma a esa narrativa a trav\u00e9s de materiales, luz y equilibrio.<\/p>\n<p data-start=\"514\" data-end=\"845\" class=\"\">Soy <strong data-start=\"518\" data-end=\"530\">Patricia<\/strong>, y mi enfoque fusiona creatividad y funcionalidad para transformar cada proyecto en una expresi\u00f3n aut\u00e9ntica de personalidad y estilo. Me inspiran los detalles, porque son ellos los que convierten un lugar en un hogar, una oficina en un espacio inspirador o una sala en un punto de encuentro lleno de significado.<\/p>\n<p data-start=\"847\" data-end=\"1104\" class=\"\">As\u00ed naci\u00f3 <strong data-start=\"857\" data-end=\"863\">PM<\/strong>, m\u00e1s que una marca, una extensi\u00f3n de mi visi\u00f3n y pasi\u00f3n por el interiorismo. Para m\u00ed, cada proyecto es un proceso de exploraci\u00f3n donde la luz, las texturas y los materiales se combinan con intenci\u00f3n, buscando siempre armon\u00eda y equilibrio.<\/p>\n<p data-start=\"1106\" data-end=\"1149\" class=\"\"><strong data-start=\"1106\" data-end=\"1147\">PM es dise\u00f1o con alma, con prop\u00f3sito.<\/strong><\/p>\n<p data-start=\"1151\" data-end=\"1324\" class=\"\">Cada proyecto es \u00fanico, cada dise\u00f1o una conversaci\u00f3n entre el espacio y quienes lo habitan. Si buscas transformar el tuyo, estar\u00e9 encantada de ayudarte a hacerlo realidad.<\/p>\n<p>[\/et_pb_text][\/et_pb_column][\/et_pb_row][\/et_pb_section]<\/p>\n","protected":false},"excerpt":{"rendered":"<p>Patricia MorillasPM\u00abLos detalles no son los detalles. Son el dise\u00f1o.\u00bb \u2013 Charles Eames El dise\u00f1o de interiores va m\u00e1s all\u00e1 de lo est\u00e9tico; es la creaci\u00f3n de atm\u00f3sferas que evocan emociones y reflejan la esencia de quienes las habitan. Cada espacio cuenta una historia, y mi trabajo es dar forma a esa narrativa a trav\u00e9s [&hellip;]<\/p>\n","protected":false},"author":80,"featured_media":0,"parent":0,"menu_order":0,"comment_status":"closed","ping_status":"closed","template":"","meta":{"_et_pb_use_builder":"on","_et_pb_old_content":"","_et_gb_content_width":"","footnotes":""},"class_list":["post-77","page","type-page","status-publish","hentry"],"yoast_head":"<!-- This site is optimized with the Yoast SEO plugin v24.5 - https:\/\/yoast.com\/wordpress\/plugins\/seo\/ -->\n<title>Sobre m\u00ed - Patricia Morillas Portfolio<\/title>\n<meta name=\"robots\" content=\"index, follow, max-snippet:-1, max-image-preview:large, max-video-preview:-1\" \/>\n<link rel=\"canonical\" href=\"https:\/\/interiores.escuelaartegranada.com\/patriciamorillas\/sobre-mi\/\" \/>\n<meta property=\"og:locale\" content=\"es_ES\" \/>\n<meta property=\"og:type\" content=\"article\" \/>\n<meta property=\"og:title\" content=\"Sobre m\u00ed - Patricia Morillas Portfolio\" \/>\n<meta property=\"og:description\" content=\"Patricia MorillasPM\u00abLos detalles no son los detalles. Son el dise\u00f1o.\u00bb \u2013 Charles Eames El dise\u00f1o de interiores va m\u00e1s all\u00e1 de lo est\u00e9tico; es la creaci\u00f3n de atm\u00f3sferas que evocan emociones y reflejan la esencia de quienes las habitan. Cada espacio cuenta una historia, y mi trabajo es dar forma a esa narrativa a trav\u00e9s [&hellip;]\" \/>\n<meta property=\"og:url\" content=\"https:\/\/interiores.escuelaartegranada.com\/patriciamorillas\/sobre-mi\/\" \/>\n<meta property=\"og:site_name\" content=\"Patricia Morillas Portfolio\" \/>\n<meta property=\"article:modified_time\" content=\"2025-05-06T08:48:32+00:00\" \/>\n<meta name=\"twitter:card\" content=\"summary_large_image\" \/>\n<meta name=\"twitter:label1\" content=\"Tiempo de lectura\" \/>\n\t<meta name=\"twitter:data1\" content=\"2 minutos\" \/>\n<script type=\"application\/ld+json\" class=\"yoast-schema-graph\">{\"@context\":\"https:\/\/schema.org\",\"@graph\":[{\"@type\":\"WebPage\",\"@id\":\"https:\/\/interiores.escuelaartegranada.com\/patriciamorillas\/sobre-mi\/\",\"url\":\"https:\/\/interiores.escuelaartegranada.com\/patriciamorillas\/sobre-mi\/\",\"name\":\"Sobre m\u00ed - Patricia Morillas Portfolio\",\"isPartOf\":{\"@id\":\"https:\/\/interiores.escuelaartegranada.com\/patriciamorillas\/#website\"},\"datePublished\":\"2025-04-01T08:40:13+00:00\",\"dateModified\":\"2025-05-06T08:48:32+00:00\",\"breadcrumb\":{\"@id\":\"https:\/\/interiores.escuelaartegranada.com\/patriciamorillas\/sobre-mi\/#breadcrumb\"},\"inLanguage\":\"es\",\"potentialAction\":[{\"@type\":\"ReadAction\",\"target\":[\"https:\/\/interiores.escuelaartegranada.com\/patriciamorillas\/sobre-mi\/\"]}]},{\"@type\":\"BreadcrumbList\",\"@id\":\"https:\/\/interiores.escuelaartegranada.com\/patriciamorillas\/sobre-mi\/#breadcrumb\",\"itemListElement\":[{\"@type\":\"ListItem\",\"position\":1,\"name\":\"Portada\",\"item\":\"https:\/\/interiores.escuelaartegranada.com\/patriciamorillas\/\"},{\"@type\":\"ListItem\",\"position\":2,\"name\":\"Sobre m\u00ed\"}]},{\"@type\":\"WebSite\",\"@id\":\"https:\/\/interiores.escuelaartegranada.com\/patriciamorillas\/#website\",\"url\":\"https:\/\/interiores.escuelaartegranada.com\/patriciamorillas\/\",\"name\":\"Patricia Morillas Portfolio\",\"description\":\"\",\"potentialAction\":[{\"@type\":\"SearchAction\",\"target\":{\"@type\":\"EntryPoint\",\"urlTemplate\":\"https:\/\/interiores.escuelaartegranada.com\/patriciamorillas\/?s={search_term_string}\"},\"query-input\":{\"@type\":\"PropertyValueSpecification\",\"valueRequired\":true,\"valueName\":\"search_term_string\"}}],\"inLanguage\":\"es\"}]}<\/script>\n<!-- \/ Yoast SEO plugin. -->","yoast_head_json":{"title":"Sobre m\u00ed - Patricia Morillas Portfolio","robots":{"index":"index","follow":"follow","max-snippet":"max-snippet:-1","max-image-preview":"max-image-preview:large","max-video-preview":"max-video-preview:-1"},"canonical":"https:\/\/interiores.escuelaartegranada.com\/patriciamorillas\/sobre-mi\/","og_locale":"es_ES","og_type":"article","og_title":"Sobre m\u00ed - Patricia Morillas Portfolio","og_description":"Patricia MorillasPM\u00abLos detalles no son los detalles. Son el dise\u00f1o.\u00bb \u2013 Charles Eames El dise\u00f1o de interiores va m\u00e1s all\u00e1 de lo est\u00e9tico; es la creaci\u00f3n de atm\u00f3sferas que evocan emociones y reflejan la esencia de quienes las habitan. Cada espacio cuenta una historia, y mi trabajo es dar forma a esa narrativa a trav\u00e9s [&hellip;]","og_url":"https:\/\/interiores.escuelaartegranada.com\/patriciamorillas\/sobre-mi\/","og_site_name":"Patricia Morillas Portfolio","article_modified_time":"2025-05-06T08:48:32+00:00","twitter_card":"summary_large_image","twitter_misc":{"Tiempo de lectura":"2 minutos"},"schema":{"@context":"https:\/\/schema.org","@graph":[{"@type":"WebPage","@id":"https:\/\/interiores.escuelaartegranada.com\/patriciamorillas\/sobre-mi\/","url":"https:\/\/interiores.escuelaartegranada.com\/patriciamorillas\/sobre-mi\/","name":"Sobre m\u00ed - Patricia Morillas Portfolio","isPartOf":{"@id":"https:\/\/interiores.escuelaartegranada.com\/patriciamorillas\/#website"},"datePublished":"2025-04-01T08:40:13+00:00","dateModified":"2025-05-06T08:48:32+00:00","breadcrumb":{"@id":"https:\/\/interiores.escuelaartegranada.com\/patriciamorillas\/sobre-mi\/#breadcrumb"},"inLanguage":"es","potentialAction":[{"@type":"ReadAction","target":["https:\/\/interiores.escuelaartegranada.com\/patriciamorillas\/sobre-mi\/"]}]},{"@type":"BreadcrumbList","@id":"https:\/\/interiores.escuelaartegranada.com\/patriciamorillas\/sobre-mi\/#breadcrumb","itemListElement":[{"@type":"ListItem","position":1,"name":"Portada","item":"https:\/\/interiores.escuelaartegranada.com\/patriciamorillas\/"},{"@type":"ListItem","position":2,"name":"Sobre m\u00ed"}]},{"@type":"WebSite","@id":"https:\/\/interiores.escuelaartegranada.com\/patriciamorillas\/#website","url":"https:\/\/interiores.escuelaartegranada.com\/patriciamorillas\/","name":"Patricia Morillas Portfolio","description":"","potentialAction":[{"@type":"SearchAction","target":{"@type":"EntryPoint","urlTemplate":"https:\/\/interiores.escuelaartegranada.com\/patriciamorillas\/?s={search_term_string}"},"query-input":{"@type":"PropertyValueSpecification","valueRequired":true,"valueName":"search_term_string"}}],"inLanguage":"es"}]}},"_links":{"self":[{"href":"https:\/\/interiores.escuelaartegranada.com\/patriciamorillas\/wp-json\/wp\/v2\/pages\/77","targetHints":{"allow":["GET"]}}],"collection":[{"href":"https:\/\/interiores.escuelaartegranada.com\/patriciamorillas\/wp-json\/wp\/v2\/pages"}],"about":[{"href":"https:\/\/interiores.escuelaartegranada.com\/patriciamorillas\/wp-json\/wp\/v2\/types\/page"}],"author":[{"embeddable":true,"href":"https:\/\/interiores.escuelaartegranada.com\/patriciamorillas\/wp-json\/wp\/v2\/users\/80"}],"replies":[{"embeddable":true,"href":"https:\/\/interiores.escuelaartegranada.com\/patriciamorillas\/wp-json\/wp\/v2\/comments?post=77"}],"version-history":[{"count":11,"href":"https:\/\/interiores.escuelaartegranada.com\/patriciamorillas\/wp-json\/wp\/v2\/pages\/77\/revisions"}],"predecessor-version":[{"id":326,"href":"https:\/\/interiores.escuelaartegranada.com\/patriciamorillas\/wp-json\/wp\/v2\/pages\/77\/revisions\/326"}],"wp:attachment":[{"href":"https:\/\/interiores.escuelaartegranada.com\/patriciamorillas\/wp-json\/wp\/v2\/media?parent=77"}],"curies":[{"name":"wp","href":"https:\/\/api.w.org\/{rel}","templated":true}]}}